{"id":5022,"date":"2025-12-20T15:59:58","date_gmt":"2025-12-20T15:59:58","guid":{"rendered":"https:\/\/www.dostrajamy.com\/?post_type=product&#038;p=5022"},"modified":"2025-12-20T16:13:54","modified_gmt":"2025-12-20T16:13:54","slug":"shadow-ring-structure-muse-of-mystery","status":"publish","type":"product","link":"https:\/\/www.dostrajamy.com\/en\/product\/shadow-ring-structure-muse-of-mystery\/","title":{"rendered":"Ring \u201eShadows of Structure \u2013 Muse of Mystery\u201d"},"content":{"rendered":"<h3 data-start=\"1132\" data-end=\"1395\">\u2728 Sensitive information:<\/h3>\n<ul>\n<li data-start=\"539\" data-end=\"629\">\n<p data-start=\"541\" data-end=\"629\"><strong data-start=\"541\" data-end=\"550\">Form<\/strong>: Adjustable ring - ring with cutouts<\/p>\n<\/li>\n<li data-start=\"630\" data-end=\"656\">\n<p data-start=\"632\" data-end=\"656\"><strong data-start=\"632\" data-end=\"644\">Material<\/strong>: Brass, black oxidised<\/p>\n<\/li>\n<li data-start=\"657\" data-end=\"704\">\n<p data-start=\"659\" data-end=\"704\"><strong data-start=\"659\" data-end=\"674\">Finishing<\/strong>: Openwork construction with geometric openings<\/p>\n<\/li>\n<li data-start=\"781\" data-end=\"850\">\n<p data-start=\"783\" data-end=\"850\"><strong data-start=\"783\" data-end=\"798\">Origins<\/strong>: Handmade in Athens, at the Kalliope workshop<\/p>\n<\/li>\n<\/ul>","protected":false},"excerpt":{"rendered":"<p data-start=\"846\" data-end=\"1231\">This ring is like an architecture of light and darkness - the regular cut-outs in the ring create a rhythm through which silence and depth penetrate. The black oxidation emphasises the austere character of the form, while bringing out its noble simplicity. \u201eShadows of Structure - Muse of Mystery\u201d is jewellery for women who feel that not everything needs to be exposed to be real.<\/p>\n<p data-start=\"1233\" data-end=\"1263\"><em data-start=\"1233\" data-end=\"1263\">Wear what is unsaid.<\/em><\/p>","protected":false},"featured_media":4931,"comment_status":"open","ping_status":"closed","template":"","meta":{"_eb_attr":""},"product_brand":[],"product_cat":[57,31],"product_tag":[68,70,71,76,75],"class_list":{"0":"post-5022","1":"product","2":"type-product","3":"status-publish","4":"has-post-thumbnail","6":"product_cat-grecka-bizuteria","7":"product_cat-pierscionki","8":"product_tag-bizuteria","9":"product_tag-fashion-jewelry","10":"product_tag-mosiadz","11":"product_tag-pierscien","12":"product_tag-zywica","14":"first","15":"instock","16":"shipping-taxable","17":"purchasable","18":"product-type-simple"},"yoast_head":"<!-- This site is optimized with the Yoast SEO plugin v26.6 - https:\/\/yoast.com\/wordpress\/plugins\/seo\/ -->\n<title>Pier\u015bcie\u0144 \u201eCienie Struktury - Muza Tajemnicy\u201d - DomiSol - Dostrajamy<\/title>\n<meta name=\"robots\" content=\"index, follow, max-snippet:-1, max-image-preview:large, max-video-preview:-1\" \/>\n<link rel=\"canonical\" href=\"https:\/\/www.dostrajamy.com\/en\/product\/shadow-ring-structure-muse-of-mystery\/\" \/>\n<meta property=\"og:locale\" content=\"en_GB\" \/>\n<meta property=\"og:type\" content=\"article\" \/>\n<meta property=\"og:title\" content=\"Pier\u015bcie\u0144 \u201eCienie Struktury - Muza Tajemnicy\u201d - DomiSol - Dostrajamy\" \/>\n<meta property=\"og:description\" content=\"Ten pier\u015bcie\u0144 jest jak architektura \u015bwiat\u0142a i mroku \u2014 regularne wyci\u0119cia w obr\u0105czce tworz\u0105 rytm, przez kt\u00f3ry przenika cisza i g\u0142\u0119bia. Czarna oksydacja podkre\u015bla surowy charakter formy, a jednocze\u015bnie wydobywa jej szlachetn\u0105 prostot\u0119. \u201eCienie Struktury \u2013 Muza Tajemnicy\u201d to bi\u017cuteria dla kobiet, kt\u00f3re czuj\u0105, \u017ce nie wszystko musi by\u0107 ods\u0142oni\u0119te, by by\u0142o prawdziwe. No\u015b to, co niedopowiedziane.\" \/>\n<meta property=\"og:url\" content=\"https:\/\/www.dostrajamy.com\/en\/product\/shadow-ring-structure-muse-of-mystery\/\" \/>\n<meta property=\"og:site_name\" content=\"DomiSol - Dostrajamy\" \/>\n<meta property=\"article:publisher\" content=\"https:\/\/www.facebook.com\/domisol.dostrajamy\" \/>\n<meta property=\"article:modified_time\" content=\"2025-12-20T16:13:54+00:00\" \/>\n<meta property=\"og:image\" content=\"https:\/\/www.dostrajamy.com\/wp-content\/uploads\/2025\/12\/IMG_6023.webp\" \/>\n\t<meta property=\"og:image:width\" content=\"840\" \/>\n\t<meta property=\"og:image:height\" content=\"840\" \/>\n\t<meta property=\"og:image:type\" content=\"image\/webp\" \/>\n<meta name=\"twitter:card\" content=\"summary_large_image\" \/>\n<meta name=\"twitter:label1\" content=\"Estimated reading time\" \/>\n\t<meta name=\"twitter:data1\" content=\"1 minute\" \/>\n<script type=\"application\/ld+json\" class=\"yoast-schema-graph\">{\"@context\":\"https:\/\/schema.org\",\"@graph\":[{\"@type\":\"WebPage\",\"@id\":\"https:\/\/www.dostrajamy.com\/produkt\/pierscien-cienie-struktury-muza-tajemnicy\/\",\"url\":\"https:\/\/www.dostrajamy.com\/produkt\/pierscien-cienie-struktury-muza-tajemnicy\/\",\"name\":\"Pier\u015bcie\u0144 \u201eCienie Struktury - Muza Tajemnicy\u201d - DomiSol - Dostrajamy\",\"isPartOf\":{\"@id\":\"https:\/\/www.dostrajamy.com\/#website\"},\"primaryImageOfPage\":{\"@id\":\"https:\/\/www.dostrajamy.com\/produkt\/pierscien-cienie-struktury-muza-tajemnicy\/#primaryimage\"},\"image\":{\"@id\":\"https:\/\/www.dostrajamy.com\/produkt\/pierscien-cienie-struktury-muza-tajemnicy\/#primaryimage\"},\"thumbnailUrl\":\"https:\/\/www.dostrajamy.com\/wp-content\/uploads\/2025\/12\/IMG_6023.webp\",\"datePublished\":\"2025-12-20T15:59:58+00:00\",\"dateModified\":\"2025-12-20T16:13:54+00:00\",\"breadcrumb\":{\"@id\":\"https:\/\/www.dostrajamy.com\/produkt\/pierscien-cienie-struktury-muza-tajemnicy\/#breadcrumb\"},\"inLanguage\":\"en-GB\",\"potentialAction\":[{\"@type\":\"ReadAction\",\"target\":[\"https:\/\/www.dostrajamy.com\/produkt\/pierscien-cienie-struktury-muza-tajemnicy\/\"]}]},{\"@type\":\"ImageObject\",\"inLanguage\":\"en-GB\",\"@id\":\"https:\/\/www.dostrajamy.com\/produkt\/pierscien-cienie-struktury-muza-tajemnicy\/#primaryimage\",\"url\":\"https:\/\/www.dostrajamy.com\/wp-content\/uploads\/2025\/12\/IMG_6023.webp\",\"contentUrl\":\"https:\/\/www.dostrajamy.com\/wp-content\/uploads\/2025\/12\/IMG_6023.webp\",\"width\":840,\"height\":840},{\"@type\":\"BreadcrumbList\",\"@id\":\"https:\/\/www.dostrajamy.com\/produkt\/pierscien-cienie-struktury-muza-tajemnicy\/#breadcrumb\",\"itemListElement\":[{\"@type\":\"ListItem\",\"position\":1,\"name\":\"Strona g\u0142\u00f3wna\",\"item\":\"https:\/\/www.dostrajamy.com\/\"},{\"@type\":\"ListItem\",\"position\":2,\"name\":\"Sklep\",\"item\":\"https:\/\/www.dostrajamy.com\/sklep\/\"},{\"@type\":\"ListItem\",\"position\":3,\"name\":\"Pier\u015bcie\u0144 \u201eCienie Struktury &#8211; Muza Tajemnicy\u201d\"}]},{\"@type\":\"WebSite\",\"@id\":\"https:\/\/www.dostrajamy.com\/#website\",\"url\":\"https:\/\/www.dostrajamy.com\/\",\"name\":\"DomiSol - Dostrajamy\",\"description\":\"Dostr\u00f3j si\u0119 do siebie!\",\"publisher\":{\"@id\":\"https:\/\/www.dostrajamy.com\/#organization\"},\"potentialAction\":[{\"@type\":\"SearchAction\",\"target\":{\"@type\":\"EntryPoint\",\"urlTemplate\":\"https:\/\/www.dostrajamy.com\/?s={search_term_string}\"},\"query-input\":{\"@type\":\"PropertyValueSpecification\",\"valueRequired\":true,\"valueName\":\"search_term_string\"}}],\"inLanguage\":\"en-GB\"},{\"@type\":\"Organization\",\"@id\":\"https:\/\/www.dostrajamy.com\/#organization\",\"name\":\"DomiSol - Dostrajamy\",\"url\":\"https:\/\/www.dostrajamy.com\/\",\"logo\":{\"@type\":\"ImageObject\",\"inLanguage\":\"en-GB\",\"@id\":\"https:\/\/www.dostrajamy.com\/#\/schema\/logo\/image\/\",\"url\":\"https:\/\/www.dostrajamy.com\/wp-content\/uploads\/2025\/02\/cropped-Logo_poziom-1-scaled.png\",\"contentUrl\":\"https:\/\/www.dostrajamy.com\/wp-content\/uploads\/2025\/02\/cropped-Logo_poziom-1-scaled.png\",\"width\":2560,\"height\":453,\"caption\":\"DomiSol - Dostrajamy\"},\"image\":{\"@id\":\"https:\/\/www.dostrajamy.com\/#\/schema\/logo\/image\/\"},\"sameAs\":[\"https:\/\/www.facebook.com\/domisol.dostrajamy\",\"https:\/\/www.instagram.com\/domisol.dostrajamy\",\"https:\/\/www.youtube.com\/@dostrajamy\",\"https:\/\/open.spotify.com\/show\/5je85cYoaCcWGNo7Nwz2iW?si=1c15f6eb977f4f3d&nd=1&dlsi=d2ab15e5d6624979\"]}]}<\/script>\n<!-- \/ Yoast SEO plugin. -->","yoast_head_json":{"title":"Ring \u201eShadows of Structure - The Muse of Mystery\u201d - DomiSol - Tuning","robots":{"index":"index","follow":"follow","max-snippet":"max-snippet:-1","max-image-preview":"max-image-preview:large","max-video-preview":"max-video-preview:-1"},"canonical":"https:\/\/www.dostrajamy.com\/en\/product\/shadow-ring-structure-muse-of-mystery\/","og_locale":"en_GB","og_type":"article","og_title":"Pier\u015bcie\u0144 \u201eCienie Struktury - Muza Tajemnicy\u201d - DomiSol - Dostrajamy","og_description":"Ten pier\u015bcie\u0144 jest jak architektura \u015bwiat\u0142a i mroku \u2014 regularne wyci\u0119cia w obr\u0105czce tworz\u0105 rytm, przez kt\u00f3ry przenika cisza i g\u0142\u0119bia. Czarna oksydacja podkre\u015bla surowy charakter formy, a jednocze\u015bnie wydobywa jej szlachetn\u0105 prostot\u0119. \u201eCienie Struktury \u2013 Muza Tajemnicy\u201d to bi\u017cuteria dla kobiet, kt\u00f3re czuj\u0105, \u017ce nie wszystko musi by\u0107 ods\u0142oni\u0119te, by by\u0142o prawdziwe. No\u015b to, co niedopowiedziane.","og_url":"https:\/\/www.dostrajamy.com\/en\/product\/shadow-ring-structure-muse-of-mystery\/","og_site_name":"DomiSol - Dostrajamy","article_publisher":"https:\/\/www.facebook.com\/domisol.dostrajamy","article_modified_time":"2025-12-20T16:13:54+00:00","og_image":[{"width":840,"height":840,"url":"https:\/\/www.dostrajamy.com\/wp-content\/uploads\/2025\/12\/IMG_6023.webp","type":"image\/webp"}],"twitter_card":"summary_large_image","twitter_misc":{"Estimated reading time":"1 minute"},"schema":{"@context":"https:\/\/schema.org","@graph":[{"@type":"WebPage","@id":"https:\/\/www.dostrajamy.com\/produkt\/pierscien-cienie-struktury-muza-tajemnicy\/","url":"https:\/\/www.dostrajamy.com\/produkt\/pierscien-cienie-struktury-muza-tajemnicy\/","name":"Ring \u201eShadows of Structure - The Muse of Mystery\u201d - DomiSol - Tuning","isPartOf":{"@id":"https:\/\/www.dostrajamy.com\/#website"},"primaryImageOfPage":{"@id":"https:\/\/www.dostrajamy.com\/produkt\/pierscien-cienie-struktury-muza-tajemnicy\/#primaryimage"},"image":{"@id":"https:\/\/www.dostrajamy.com\/produkt\/pierscien-cienie-struktury-muza-tajemnicy\/#primaryimage"},"thumbnailUrl":"https:\/\/www.dostrajamy.com\/wp-content\/uploads\/2025\/12\/IMG_6023.webp","datePublished":"2025-12-20T15:59:58+00:00","dateModified":"2025-12-20T16:13:54+00:00","breadcrumb":{"@id":"https:\/\/www.dostrajamy.com\/produkt\/pierscien-cienie-struktury-muza-tajemnicy\/#breadcrumb"},"inLanguage":"en-GB","potentialAction":[{"@type":"ReadAction","target":["https:\/\/www.dostrajamy.com\/produkt\/pierscien-cienie-struktury-muza-tajemnicy\/"]}]},{"@type":"ImageObject","inLanguage":"en-GB","@id":"https:\/\/www.dostrajamy.com\/produkt\/pierscien-cienie-struktury-muza-tajemnicy\/#primaryimage","url":"https:\/\/www.dostrajamy.com\/wp-content\/uploads\/2025\/12\/IMG_6023.webp","contentUrl":"https:\/\/www.dostrajamy.com\/wp-content\/uploads\/2025\/12\/IMG_6023.webp","width":840,"height":840},{"@type":"BreadcrumbList","@id":"https:\/\/www.dostrajamy.com\/produkt\/pierscien-cienie-struktury-muza-tajemnicy\/#breadcrumb","itemListElement":[{"@type":"ListItem","position":1,"name":"Strona g\u0142\u00f3wna","item":"https:\/\/www.dostrajamy.com\/"},{"@type":"ListItem","position":2,"name":"Sklep","item":"https:\/\/www.dostrajamy.com\/sklep\/"},{"@type":"ListItem","position":3,"name":"Pier\u015bcie\u0144 \u201eCienie Struktury &#8211; Muza Tajemnicy\u201d"}]},{"@type":"WebSite","@id":"https:\/\/www.dostrajamy.com\/#website","url":"https:\/\/www.dostrajamy.com\/","name":"DomiSol - Dostrajamy","description":"Tune in to yourself!","publisher":{"@id":"https:\/\/www.dostrajamy.com\/#organization"},"potentialAction":[{"@type":"SearchAction","target":{"@type":"EntryPoint","urlTemplate":"https:\/\/www.dostrajamy.com\/?s={search_term_string}"},"query-input":{"@type":"PropertyValueSpecification","valueRequired":true,"valueName":"search_term_string"}}],"inLanguage":"en-GB"},{"@type":"Organization","@id":"https:\/\/www.dostrajamy.com\/#organization","name":"DomiSol - Dostrajamy","url":"https:\/\/www.dostrajamy.com\/","logo":{"@type":"ImageObject","inLanguage":"en-GB","@id":"https:\/\/www.dostrajamy.com\/#\/schema\/logo\/image\/","url":"https:\/\/www.dostrajamy.com\/wp-content\/uploads\/2025\/02\/cropped-Logo_poziom-1-scaled.png","contentUrl":"https:\/\/www.dostrajamy.com\/wp-content\/uploads\/2025\/02\/cropped-Logo_poziom-1-scaled.png","width":2560,"height":453,"caption":"DomiSol - Dostrajamy"},"image":{"@id":"https:\/\/www.dostrajamy.com\/#\/schema\/logo\/image\/"},"sameAs":["https:\/\/www.facebook.com\/domisol.dostrajamy","https:\/\/www.instagram.com\/domisol.dostrajamy","https:\/\/www.youtube.com\/@dostrajamy","https:\/\/open.spotify.com\/show\/5je85cYoaCcWGNo7Nwz2iW?si=1c15f6eb977f4f3d&nd=1&dlsi=d2ab15e5d6624979"]}]}},"_links":{"self":[{"href":"https:\/\/www.dostrajamy.com\/en\/wp-json\/wp\/v2\/product\/5022","targetHints":{"allow":["GET"]}}],"collection":[{"href":"https:\/\/www.dostrajamy.com\/en\/wp-json\/wp\/v2\/product"}],"about":[{"href":"https:\/\/www.dostrajamy.com\/en\/wp-json\/wp\/v2\/types\/product"}],"replies":[{"embeddable":true,"href":"https:\/\/www.dostrajamy.com\/en\/wp-json\/wp\/v2\/comments?post=5022"}],"wp:featuredmedia":[{"embeddable":true,"href":"https:\/\/www.dostrajamy.com\/en\/wp-json\/wp\/v2\/media\/4931"}],"wp:attachment":[{"href":"https:\/\/www.dostrajamy.com\/en\/wp-json\/wp\/v2\/media?parent=5022"}],"wp:term":[{"taxonomy":"product_brand","embeddable":true,"href":"https:\/\/www.dostrajamy.com\/en\/wp-json\/wp\/v2\/product_brand?post=5022"},{"taxonomy":"product_cat","embeddable":true,"href":"https:\/\/www.dostrajamy.com\/en\/wp-json\/wp\/v2\/product_cat?post=5022"},{"taxonomy":"product_tag","embeddable":true,"href":"https:\/\/www.dostrajamy.com\/en\/wp-json\/wp\/v2\/product_tag?post=5022"}],"curies":[{"name":"wp","href":"https:\/\/api.w.org\/{rel}","templated":true}]}}