{"id":5085,"date":"2025-12-31T11:26:16","date_gmt":"2025-12-31T11:26:16","guid":{"rendered":"https:\/\/www.dostrajamy.com\/?post_type=product&#038;p=5085"},"modified":"2026-02-25T11:35:16","modified_gmt":"2026-02-25T11:35:16","slug":"feast-of-tuning-in","status":"publish","type":"product","link":"https:\/\/www.dostrajamy.com\/en\/product\/feast-of-tuning-in\/","title":{"rendered":"TUNING FEAST \u2013 private 1:1 meeting"},"content":{"rendered":"<p><strong>Why a Feast of Attunement?<\/strong><\/p>\n<p>This isn't your typical shopping trip.<br \/>\nIt is a conscious process of selection, in which calmness, time and quality of experience are just as important as form.<\/p>\n<p>If you want to choose more slowly and closer to yourself, the Attunement Feast is an invitation just for you.<\/p>\n<p>&nbsp;<\/p>\n<p>You can find more details here:\u00a0<a href=\"http:\/\/www.dostrajamy.com\/en\/feast-of-tuning-in\/\">http:\/\/www.dostrajamy.com\/uczta-dostrajania<\/a><\/p>","protected":false},"excerpt":{"rendered":"<p><strong>Feast of Being In Tune - 1:1 meeting<\/strong> is a private appointment at the Tuning Studio, created for women who want to choose in peace, mindfulness and harmony.<\/p>\n<p>It is an experience in which time slows down, the body calms down, and decisions about jewellery or dresses are made naturally \u2013 based on feelings, not pressure.<\/p>\n<p>The meeting includes a moment of pause, refreshments, a relaxing sound massage and a calm conversation and informed choice in the intimate atmosphere of the studio.<\/p>\n<p><strong>Meeting details:<\/strong><br \/>\n\u2022 duration: 60\u201390 minutes<br \/>\n\u2022 individual meeting (1:1)<br \/>\n- Place: Dostrajamy Studio, Warsaw, Mokot\u00f3w, Al.gen.W\u0142.Sikorskiego 9b (detailed instructions will be provided upon reservation)<br \/>\n\u2022 booking fee: PLN 200<br \/>\n\u2022 the reservation fee is deducted from the purchase price of jewellery or a dress<\/p>\n<p>If no purchase is made, the booking represents the value of the sensory tuning session itself.<\/p>\n<p>By booking an appointment, you ensure full availability of the studio and my undivided attention exclusively for you.<\/p>","protected":false},"featured_media":5160,"comment_status":"open","ping_status":"closed","template":"","meta":{"_eb_attr":""},"product_brand":[],"product_cat":[123],"product_tag":[68,83,59,61,62,67],"class_list":{"0":"post-5085","1":"product","2":"type-product","3":"status-publish","4":"has-post-thumbnail","6":"product_cat-wydarzenia","7":"product_tag-bizuteria","8":"product_tag-kobieta","9":"product_tag-moda","10":"product_tag-piekno","11":"product_tag-suknia","12":"product_tag-szata","14":"first","15":"instock","16":"sold-individually","17":"shipping-taxable","18":"purchasable","19":"product-type-variable"},"yoast_head":"<!-- This site is optimized with the Yoast SEO plugin v26.6 - https:\/\/yoast.com\/wordpress\/plugins\/seo\/ -->\n<title>UCZTA DOSTRAJANIA - prywatne spotkanie 1:1 - DomiSol - Dostrajamy<\/title>\n<meta name=\"robots\" content=\"index, follow, max-snippet:-1, max-image-preview:large, max-video-preview:-1\" \/>\n<link rel=\"canonical\" href=\"https:\/\/www.dostrajamy.com\/en\/product\/feast-of-tuning-in\/\" \/>\n<meta property=\"og:locale\" content=\"en_GB\" \/>\n<meta property=\"og:type\" content=\"article\" \/>\n<meta property=\"og:title\" content=\"UCZTA DOSTRAJANIA - prywatne spotkanie 1:1 - DomiSol - Dostrajamy\" \/>\n<meta property=\"og:description\" content=\"Uczta Dostrajania to prywatne spotkanie w Studiu Dostrajamy, stworzone z my\u015bl\u0105 o kobietach, kt\u00f3re chc\u0105 wybiera\u0107 w spokoju, uwa\u017cno\u015bci i harmonii.  To do\u015bwiadczenie, w kt\u00f3rym czas zwalnia, cia\u0142o si\u0119 wycisza, a decyzje dotycz\u0105ce bi\u017cuterii lub sukni zapadaj\u0105 naturalnie - z miejsca odczucia, nie presji.  Spotkanie obejmuje moment zatrzymania, pocz\u0119stunek, relaksacyjny masa\u017c d\u017awi\u0119kiem oraz spokojn\u0105 rozmow\u0119 i \u015bwiadomy wyb\u00f3r w kameralnej atmosferze studia.  Szczeg\u00f3\u0142y spotkania: \u2022 czas trwania: 60\u201390 minut \u2022 spotkanie indywidualne (1:1) \u2022 miejsce: Studio Dostrajamy, Warszawa, Mokot\u00f3w, Al.gen.W\u0142.Sikorskiego 9b (szczeg\u00f3\u0142owe wskaz\u00f3wki otrzymasz po dokonaniu rezerwacji) \u2022 koszt rezerwacji: 200 z\u0142 \u2022 kwota rezerwacji jest odliczana od warto\u015bci zakupu bi\u017cuterii lub sukni  W przypadku braku zakupu rezerwacja stanowi warto\u015b\u0107 samego spotkania dostrajania zmys\u0142\u00f3w.  Rezerwuj\u0105c termin, zapewniasz sobie pe\u0142n\u0105 dost\u0119pno\u015b\u0107 studia oraz moj\u0105 uwa\u017cn\u0105 obecno\u015b\u0107 wy\u0142\u0105cznie dla Ciebie.\" \/>\n<meta property=\"og:url\" content=\"https:\/\/www.dostrajamy.com\/en\/product\/feast-of-tuning-in\/\" \/>\n<meta property=\"og:site_name\" content=\"DomiSol - Dostrajamy\" \/>\n<meta property=\"article:publisher\" content=\"https:\/\/www.facebook.com\/domisol.dostrajamy\" \/>\n<meta property=\"article:modified_time\" content=\"2026-02-25T11:35:16+00:00\" \/>\n<meta property=\"og:image\" content=\"https:\/\/www.dostrajamy.com\/wp-content\/uploads\/2025\/12\/Kopia-\u2013-LOGO-Logo-Logo.jpg\" \/>\n\t<meta property=\"og:image:width\" content=\"500\" \/>\n\t<meta property=\"og:image:height\" content=\"500\" \/>\n\t<meta property=\"og:image:type\" content=\"image\/jpeg\" \/>\n<meta name=\"twitter:card\" content=\"summary_large_image\" \/>\n<meta name=\"twitter:label1\" content=\"Estimated reading time\" \/>\n\t<meta name=\"twitter:data1\" content=\"1 minute\" \/>\n<script type=\"application\/ld+json\" class=\"yoast-schema-graph\">{\"@context\":\"https:\/\/schema.org\",\"@graph\":[{\"@type\":\"WebPage\",\"@id\":\"https:\/\/www.dostrajamy.com\/produkt\/uczta-dostrajania\/\",\"url\":\"https:\/\/www.dostrajamy.com\/produkt\/uczta-dostrajania\/\",\"name\":\"UCZTA DOSTRAJANIA - prywatne spotkanie 1:1 - DomiSol - Dostrajamy\",\"isPartOf\":{\"@id\":\"https:\/\/www.dostrajamy.com\/#website\"},\"primaryImageOfPage\":{\"@id\":\"https:\/\/www.dostrajamy.com\/produkt\/uczta-dostrajania\/#primaryimage\"},\"image\":{\"@id\":\"https:\/\/www.dostrajamy.com\/produkt\/uczta-dostrajania\/#primaryimage\"},\"thumbnailUrl\":\"https:\/\/www.dostrajamy.com\/wp-content\/uploads\/2025\/12\/Kopia-\u2013-LOGO-Logo-Logo.jpg\",\"datePublished\":\"2025-12-31T11:26:16+00:00\",\"dateModified\":\"2026-02-25T11:35:16+00:00\",\"breadcrumb\":{\"@id\":\"https:\/\/www.dostrajamy.com\/produkt\/uczta-dostrajania\/#breadcrumb\"},\"inLanguage\":\"en-GB\",\"potentialAction\":[{\"@type\":\"ReadAction\",\"target\":[\"https:\/\/www.dostrajamy.com\/produkt\/uczta-dostrajania\/\"]}]},{\"@type\":\"ImageObject\",\"inLanguage\":\"en-GB\",\"@id\":\"https:\/\/www.dostrajamy.com\/produkt\/uczta-dostrajania\/#primaryimage\",\"url\":\"https:\/\/www.dostrajamy.com\/wp-content\/uploads\/2025\/12\/Kopia-\u2013-LOGO-Logo-Logo.jpg\",\"contentUrl\":\"https:\/\/www.dostrajamy.com\/wp-content\/uploads\/2025\/12\/Kopia-\u2013-LOGO-Logo-Logo.jpg\",\"width\":500,\"height\":500},{\"@type\":\"BreadcrumbList\",\"@id\":\"https:\/\/www.dostrajamy.com\/produkt\/uczta-dostrajania\/#breadcrumb\",\"itemListElement\":[{\"@type\":\"ListItem\",\"position\":1,\"name\":\"Strona g\u0142\u00f3wna\",\"item\":\"https:\/\/www.dostrajamy.com\/\"},{\"@type\":\"ListItem\",\"position\":2,\"name\":\"Sklep\",\"item\":\"https:\/\/www.dostrajamy.com\/sklep\/\"},{\"@type\":\"ListItem\",\"position\":3,\"name\":\"UCZTA DOSTRAJANIA &#8211; prywatne spotkanie 1:1\"}]},{\"@type\":\"WebSite\",\"@id\":\"https:\/\/www.dostrajamy.com\/#website\",\"url\":\"https:\/\/www.dostrajamy.com\/\",\"name\":\"DomiSol - Dostrajamy\",\"description\":\"Dostr\u00f3j si\u0119 do siebie!\",\"publisher\":{\"@id\":\"https:\/\/www.dostrajamy.com\/#organization\"},\"potentialAction\":[{\"@type\":\"SearchAction\",\"target\":{\"@type\":\"EntryPoint\",\"urlTemplate\":\"https:\/\/www.dostrajamy.com\/?s={search_term_string}\"},\"query-input\":{\"@type\":\"PropertyValueSpecification\",\"valueRequired\":true,\"valueName\":\"search_term_string\"}}],\"inLanguage\":\"en-GB\"},{\"@type\":\"Organization\",\"@id\":\"https:\/\/www.dostrajamy.com\/#organization\",\"name\":\"DomiSol - Dostrajamy\",\"url\":\"https:\/\/www.dostrajamy.com\/\",\"logo\":{\"@type\":\"ImageObject\",\"inLanguage\":\"en-GB\",\"@id\":\"https:\/\/www.dostrajamy.com\/#\/schema\/logo\/image\/\",\"url\":\"https:\/\/www.dostrajamy.com\/wp-content\/uploads\/2025\/02\/cropped-Logo_poziom-1-scaled.png\",\"contentUrl\":\"https:\/\/www.dostrajamy.com\/wp-content\/uploads\/2025\/02\/cropped-Logo_poziom-1-scaled.png\",\"width\":2560,\"height\":453,\"caption\":\"DomiSol - Dostrajamy\"},\"image\":{\"@id\":\"https:\/\/www.dostrajamy.com\/#\/schema\/logo\/image\/\"},\"sameAs\":[\"https:\/\/www.facebook.com\/domisol.dostrajamy\",\"https:\/\/www.instagram.com\/domisol.dostrajamy\",\"https:\/\/www.youtube.com\/@dostrajamy\",\"https:\/\/open.spotify.com\/show\/5je85cYoaCcWGNo7Nwz2iW?si=1c15f6eb977f4f3d&nd=1&dlsi=d2ab15e5d6624979\"]}]}<\/script>\n<!-- \/ Yoast SEO plugin. -->","yoast_head_json":{"title":"ADAPTATION FEATURE - private 1:1 meeting - DomiSol - Tune in","robots":{"index":"index","follow":"follow","max-snippet":"max-snippet:-1","max-image-preview":"max-image-preview:large","max-video-preview":"max-video-preview:-1"},"canonical":"https:\/\/www.dostrajamy.com\/en\/product\/feast-of-tuning-in\/","og_locale":"en_GB","og_type":"article","og_title":"UCZTA DOSTRAJANIA - prywatne spotkanie 1:1 - DomiSol - Dostrajamy","og_description":"Uczta Dostrajania to prywatne spotkanie w Studiu Dostrajamy, stworzone z my\u015bl\u0105 o kobietach, kt\u00f3re chc\u0105 wybiera\u0107 w spokoju, uwa\u017cno\u015bci i harmonii.  To do\u015bwiadczenie, w kt\u00f3rym czas zwalnia, cia\u0142o si\u0119 wycisza, a decyzje dotycz\u0105ce bi\u017cuterii lub sukni zapadaj\u0105 naturalnie - z miejsca odczucia, nie presji.  Spotkanie obejmuje moment zatrzymania, pocz\u0119stunek, relaksacyjny masa\u017c d\u017awi\u0119kiem oraz spokojn\u0105 rozmow\u0119 i \u015bwiadomy wyb\u00f3r w kameralnej atmosferze studia.  Szczeg\u00f3\u0142y spotkania: \u2022 czas trwania: 60\u201390 minut \u2022 spotkanie indywidualne (1:1) \u2022 miejsce: Studio Dostrajamy, Warszawa, Mokot\u00f3w, Al.gen.W\u0142.Sikorskiego 9b (szczeg\u00f3\u0142owe wskaz\u00f3wki otrzymasz po dokonaniu rezerwacji) \u2022 koszt rezerwacji: 200 z\u0142 \u2022 kwota rezerwacji jest odliczana od warto\u015bci zakupu bi\u017cuterii lub sukni  W przypadku braku zakupu rezerwacja stanowi warto\u015b\u0107 samego spotkania dostrajania zmys\u0142\u00f3w.  Rezerwuj\u0105c termin, zapewniasz sobie pe\u0142n\u0105 dost\u0119pno\u015b\u0107 studia oraz moj\u0105 uwa\u017cn\u0105 obecno\u015b\u0107 wy\u0142\u0105cznie dla Ciebie.","og_url":"https:\/\/www.dostrajamy.com\/en\/product\/feast-of-tuning-in\/","og_site_name":"DomiSol - Dostrajamy","article_publisher":"https:\/\/www.facebook.com\/domisol.dostrajamy","article_modified_time":"2026-02-25T11:35:16+00:00","og_image":[{"width":500,"height":500,"url":"https:\/\/www.dostrajamy.com\/wp-content\/uploads\/2025\/12\/Kopia-\u2013-LOGO-Logo-Logo.jpg","type":"image\/jpeg"}],"twitter_card":"summary_large_image","twitter_misc":{"Estimated reading time":"1 minute"},"schema":{"@context":"https:\/\/schema.org","@graph":[{"@type":"WebPage","@id":"https:\/\/www.dostrajamy.com\/produkt\/uczta-dostrajania\/","url":"https:\/\/www.dostrajamy.com\/produkt\/uczta-dostrajania\/","name":"ADAPTATION FEATURE - private 1:1 meeting - DomiSol - Tune in","isPartOf":{"@id":"https:\/\/www.dostrajamy.com\/#website"},"primaryImageOfPage":{"@id":"https:\/\/www.dostrajamy.com\/produkt\/uczta-dostrajania\/#primaryimage"},"image":{"@id":"https:\/\/www.dostrajamy.com\/produkt\/uczta-dostrajania\/#primaryimage"},"thumbnailUrl":"https:\/\/www.dostrajamy.com\/wp-content\/uploads\/2025\/12\/Kopia-\u2013-LOGO-Logo-Logo.jpg","datePublished":"2025-12-31T11:26:16+00:00","dateModified":"2026-02-25T11:35:16+00:00","breadcrumb":{"@id":"https:\/\/www.dostrajamy.com\/produkt\/uczta-dostrajania\/#breadcrumb"},"inLanguage":"en-GB","potentialAction":[{"@type":"ReadAction","target":["https:\/\/www.dostrajamy.com\/produkt\/uczta-dostrajania\/"]}]},{"@type":"ImageObject","inLanguage":"en-GB","@id":"https:\/\/www.dostrajamy.com\/produkt\/uczta-dostrajania\/#primaryimage","url":"https:\/\/www.dostrajamy.com\/wp-content\/uploads\/2025\/12\/Kopia-\u2013-LOGO-Logo-Logo.jpg","contentUrl":"https:\/\/www.dostrajamy.com\/wp-content\/uploads\/2025\/12\/Kopia-\u2013-LOGO-Logo-Logo.jpg","width":500,"height":500},{"@type":"BreadcrumbList","@id":"https:\/\/www.dostrajamy.com\/produkt\/uczta-dostrajania\/#breadcrumb","itemListElement":[{"@type":"ListItem","position":1,"name":"Strona g\u0142\u00f3wna","item":"https:\/\/www.dostrajamy.com\/"},{"@type":"ListItem","position":2,"name":"Sklep","item":"https:\/\/www.dostrajamy.com\/sklep\/"},{"@type":"ListItem","position":3,"name":"UCZTA DOSTRAJANIA &#8211; prywatne spotkanie 1:1"}]},{"@type":"WebSite","@id":"https:\/\/www.dostrajamy.com\/#website","url":"https:\/\/www.dostrajamy.com\/","name":"DomiSol - Dostrajamy","description":"Tune in to yourself!","publisher":{"@id":"https:\/\/www.dostrajamy.com\/#organization"},"potentialAction":[{"@type":"SearchAction","target":{"@type":"EntryPoint","urlTemplate":"https:\/\/www.dostrajamy.com\/?s={search_term_string}"},"query-input":{"@type":"PropertyValueSpecification","valueRequired":true,"valueName":"search_term_string"}}],"inLanguage":"en-GB"},{"@type":"Organization","@id":"https:\/\/www.dostrajamy.com\/#organization","name":"DomiSol - Dostrajamy","url":"https:\/\/www.dostrajamy.com\/","logo":{"@type":"ImageObject","inLanguage":"en-GB","@id":"https:\/\/www.dostrajamy.com\/#\/schema\/logo\/image\/","url":"https:\/\/www.dostrajamy.com\/wp-content\/uploads\/2025\/02\/cropped-Logo_poziom-1-scaled.png","contentUrl":"https:\/\/www.dostrajamy.com\/wp-content\/uploads\/2025\/02\/cropped-Logo_poziom-1-scaled.png","width":2560,"height":453,"caption":"DomiSol - Dostrajamy"},"image":{"@id":"https:\/\/www.dostrajamy.com\/#\/schema\/logo\/image\/"},"sameAs":["https:\/\/www.facebook.com\/domisol.dostrajamy","https:\/\/www.instagram.com\/domisol.dostrajamy","https:\/\/www.youtube.com\/@dostrajamy","https:\/\/open.spotify.com\/show\/5je85cYoaCcWGNo7Nwz2iW?si=1c15f6eb977f4f3d&nd=1&dlsi=d2ab15e5d6624979"]}]}},"_links":{"self":[{"href":"https:\/\/www.dostrajamy.com\/en\/wp-json\/wp\/v2\/product\/5085","targetHints":{"allow":["GET"]}}],"collection":[{"href":"https:\/\/www.dostrajamy.com\/en\/wp-json\/wp\/v2\/product"}],"about":[{"href":"https:\/\/www.dostrajamy.com\/en\/wp-json\/wp\/v2\/types\/product"}],"replies":[{"embeddable":true,"href":"https:\/\/www.dostrajamy.com\/en\/wp-json\/wp\/v2\/comments?post=5085"}],"wp:featuredmedia":[{"embeddable":true,"href":"https:\/\/www.dostrajamy.com\/en\/wp-json\/wp\/v2\/media\/5160"}],"wp:attachment":[{"href":"https:\/\/www.dostrajamy.com\/en\/wp-json\/wp\/v2\/media?parent=5085"}],"wp:term":[{"taxonomy":"product_brand","embeddable":true,"href":"https:\/\/www.dostrajamy.com\/en\/wp-json\/wp\/v2\/product_brand?post=5085"},{"taxonomy":"product_cat","embeddable":true,"href":"https:\/\/www.dostrajamy.com\/en\/wp-json\/wp\/v2\/product_cat?post=5085"},{"taxonomy":"product_tag","embeddable":true,"href":"https:\/\/www.dostrajamy.com\/en\/wp-json\/wp\/v2\/product_tag?post=5085"}],"curies":[{"name":"wp","href":"https:\/\/api.w.org\/{rel}","templated":true}]}}