{"id":5263,"date":"2026-01-07T18:01:16","date_gmt":"2026-01-07T18:01:16","guid":{"rendered":"https:\/\/www.dostrajamy.com\/?post_type=product&#038;p=5263"},"modified":"2026-03-05T19:17:31","modified_gmt":"2026-03-05T19:17:31","slug":"mining","status":"publish","type":"product","link":"https:\/\/www.dostrajamy.com\/en\/product\/mining\/","title":{"rendered":"Wild Alchemist dress \u201eExtraction - Fern\u201d"},"content":{"rendered":"<h3><strong>WILD ALCHEMISTS - LIVING SCULPTURES OF NATURE<\/strong><\/h3>\n<p>A collection of unique dresses dyed with plants using the ecoprint technique, created as a series of living sculptures of nature. Each dress is created through an alchemical process - from the plant writing on the fabric to the sculptural cut that brings out the form and allows it to breathe. It is art worn on the body, created in a single piece.<\/p>\n<h3 data-start=\"106\" data-end=\"286\"><strong>\u2728<\/strong><strong data-start=\"1551\" data-end=\"1571\">Sensitive information:<\/strong><\/h3>\n<p><strong>- Material and fabric:<\/strong> The dress is sewn from 100% cotton, dyed by hand and naturally, using the ecoprint technique, or \u201eprinting\u201d with plants. The colours come entirely from nature. The traces of leaves and flowers are reflections of real plants, the essence of nature transferred onto the fabric.<br \/>\n<strong>- Plant-based colouring:<\/strong> fern, maple, walnut, grapevine, goldenrod.<\/p>\n<p><strong>- Jewellery: <\/strong>natural stones.<br \/>\n<strong>- Cut and fit: <\/strong>Cut loose, with darts that can be tied from the centre to emphasise the waist and bust or worn loose. The dress is one size (maximum circumference: 198 cm, maximum length: 147 cm) and includes attachable jewellery that you can detach and enjoy as a necklace.<\/p>\n<p><strong>- Matching:<\/strong> Possibility to shorten and adjust the width at the shoulders included in the price. To do so, please indicate your height and shoulder circumference in the message to order.<br \/>\n<strong>- Functionality and style:<\/strong> The dress gives comfort, allows the body to breathe and move freely, and can be worn in many ways.<br \/>\n<strong>- Individual order:<\/strong> A new ordered dress is created one at a time, lead time up to 3 weeks depending on plant availability.<br \/>\n<strong>- Creation:<\/strong> Dyed, designed and sewn in Poland with love and care. We create the gowns ourselves, from start to finish every element is handmade by us.<\/p>\n<p>&nbsp;<\/p>\n<hr class=\"\" data-start=\"1542\" data-end=\"1545\" \/>\n<h3 class=\"\" data-start=\"1547\" data-end=\"1571\"><\/h3>\n<h3 data-start=\"106\" data-end=\"286\"><strong>\ud83c\udf3f\u2728 Care recommendations for your soul dress:<\/strong><\/h3>\n<p>\ud83c\udf3f\u2728 So that your dress can accompany you for years to come - like a talisman and a second skin - surround it with tenderness and attention:<br \/>\n- \ud83c\udf0a Wash by hand in water up to 30\u00b0C, in a mild mood, without harsh detergents.<br \/>\n- \ud83d\udca7 Avoid contact with scented liquids and perfumes - to keep the fabric clean.<br \/>\n- \ud83c\udf2c Iron on the left side, gently, as if you were stroking a memory.<br \/>\n- \ud83c\udf19 Don't bleach - wear the natural shade of your dress as a song of your story.<br \/>\n- \u2600\ufe0f Dry in a natural rhythm - preferably flat or on a hanger, in the shade.<\/p>\n<p>This is a dress made to live in rhythm with you - caring for it is like caring for your own story. Wrap yourself in it with care and let your moments together be like a dance of light and shadow.<\/p>\n<p>&nbsp;<\/p>\n<hr class=\"\" data-start=\"1542\" data-end=\"1545\" \/>\n<h3 class=\"\" data-start=\"1547\" data-end=\"1571\"><\/h3>\n<h3 data-start=\"103\" data-end=\"469\"><strong>\u2728 For your harmony and comfort:<\/strong><\/h3>\n<p>\u2728 The model in the photo is 173 cm tall.<br \/>\n\u2728 If you would like the gown to tune perfectly to your body and height, I will be happy to shorten it or adjust the girth at the shoulders for you at no extra charge. All you need to do is <strong>specify height and arm circumference in the purchase message<\/strong> - Together we will make sure it is the perfect length and comfortable to wear. If you'd like me to sew a similar one entirely tuned to your body, email me!<\/p>\n<p>At DomiSol - Tuning I believe that every woman deserves clothing that not only adorns, but resonates with her movement, rhythm and story. The dress is meant to flow with you, not against you. \u2728<\/p>\n<p>\ud83c\udf00 With the love of beauty and the senses<br \/>\nDomiSol &amp; Zielekada<\/p>","protected":false},"excerpt":{"rendered":"<p>An ecoprint dress with a bright green base on which fern, maple, walnut and vine leaves have been reflected clearly and with precision. It combines wild, forest energy with elegant, sculptural lines, reinforcing a sense of stability and power. This is a dress made for the woman who feels her strength in silence.<\/p>","protected":false},"featured_media":5538,"comment_status":"open","ping_status":"closed","template":"","meta":{"_eb_attr":""},"product_brand":[58],"product_cat":[135,136],"product_tag":[63,81,83,59,61,62,67,82],"class_list":{"0":"post-5263","1":"product","2":"type-product","3":"status-publish","4":"has-post-thumbnail","6":"product_brand-domisol","7":"product_cat-dzikie-alchemiczki","8":"product_cat-suknia-alchemiczka","9":"product_tag-bawelna","10":"product_tag-ecoprint","11":"product_tag-kobieta","12":"product_tag-moda","13":"product_tag-piekno","14":"product_tag-suknia","15":"product_tag-szata","16":"product_tag-zielekada","18":"first","19":"instock","20":"shipping-taxable","21":"purchasable","22":"product-type-simple"},"yoast_head":"<!-- This site is optimized with the Yoast SEO plugin v26.6 - https:\/\/yoast.com\/wordpress\/plugins\/seo\/ -->\n<title>Suknia Dzika Alchemiczka &quot;Wydobycie - Papro\u0107&quot; - DomiSol - Dostrajamy<\/title>\n<meta name=\"robots\" content=\"index, follow, max-snippet:-1, max-image-preview:large, max-video-preview:-1\" \/>\n<link rel=\"canonical\" href=\"https:\/\/www.dostrajamy.com\/en\/product\/mining\/\" \/>\n<meta property=\"og:locale\" content=\"en_GB\" \/>\n<meta property=\"og:type\" content=\"article\" \/>\n<meta property=\"og:title\" content=\"Suknia Dzika Alchemiczka &quot;Wydobycie - Papro\u0107&quot; - DomiSol - Dostrajamy\" \/>\n<meta property=\"og:description\" content=\"Suknia ecoprint o jasnej, zielonej bazie, na kt\u00f3rej li\u015bcie paproci, klonu, orzecha i winobluszczu zosta\u0142y odbite wyra\u017anie i z precyzj\u0105. \u0141\u0105czy dzik\u0105, le\u015bn\u0105 energi\u0119 z eleganck\u0105, rze\u017abiarsk\u0105 lini\u0105, wzmacniaj\u0105c poczucie stabilno\u015bci i mocy. To suknia stworzona dla kobiety, kt\u00f3ra czuje swoj\u0105 si\u0142\u0119 w ciszy.\" \/>\n<meta property=\"og:url\" content=\"https:\/\/www.dostrajamy.com\/en\/product\/mining\/\" \/>\n<meta property=\"og:site_name\" content=\"DomiSol - Dostrajamy\" \/>\n<meta property=\"article:publisher\" content=\"https:\/\/www.facebook.com\/domisol.dostrajamy\" \/>\n<meta property=\"article:modified_time\" content=\"2026-03-05T19:17:31+00:00\" \/>\n<meta property=\"og:image\" content=\"https:\/\/www.dostrajamy.com\/wp-content\/uploads\/2026\/01\/4401F5BF-A679-4AF3-9F15-2E44E324A34B-683x1024.png\" \/>\n\t<meta property=\"og:image:width\" content=\"683\" \/>\n\t<meta property=\"og:image:height\" content=\"1024\" \/>\n\t<meta property=\"og:image:type\" content=\"image\/png\" \/>\n<meta name=\"twitter:card\" content=\"summary_large_image\" \/>\n<meta name=\"twitter:label1\" content=\"Estimated reading time\" \/>\n\t<meta name=\"twitter:data1\" content=\"4 minutes\" \/>\n<script type=\"application\/ld+json\" class=\"yoast-schema-graph\">{\"@context\":\"https:\/\/schema.org\",\"@graph\":[{\"@type\":\"WebPage\",\"@id\":\"https:\/\/www.dostrajamy.com\/produkt\/wydobycie\/\",\"url\":\"https:\/\/www.dostrajamy.com\/produkt\/wydobycie\/\",\"name\":\"Suknia Dzika Alchemiczka \\\"Wydobycie - Papro\u0107\\\" - DomiSol - Dostrajamy\",\"isPartOf\":{\"@id\":\"https:\/\/www.dostrajamy.com\/#website\"},\"primaryImageOfPage\":{\"@id\":\"https:\/\/www.dostrajamy.com\/produkt\/wydobycie\/#primaryimage\"},\"image\":{\"@id\":\"https:\/\/www.dostrajamy.com\/produkt\/wydobycie\/#primaryimage\"},\"thumbnailUrl\":\"https:\/\/www.dostrajamy.com\/wp-content\/uploads\/2026\/01\/4401F5BF-A679-4AF3-9F15-2E44E324A34B.png\",\"datePublished\":\"2026-01-07T18:01:16+00:00\",\"dateModified\":\"2026-03-05T19:17:31+00:00\",\"breadcrumb\":{\"@id\":\"https:\/\/www.dostrajamy.com\/produkt\/wydobycie\/#breadcrumb\"},\"inLanguage\":\"en-GB\",\"potentialAction\":[{\"@type\":\"ReadAction\",\"target\":[\"https:\/\/www.dostrajamy.com\/produkt\/wydobycie\/\"]}]},{\"@type\":\"ImageObject\",\"inLanguage\":\"en-GB\",\"@id\":\"https:\/\/www.dostrajamy.com\/produkt\/wydobycie\/#primaryimage\",\"url\":\"https:\/\/www.dostrajamy.com\/wp-content\/uploads\/2026\/01\/4401F5BF-A679-4AF3-9F15-2E44E324A34B.png\",\"contentUrl\":\"https:\/\/www.dostrajamy.com\/wp-content\/uploads\/2026\/01\/4401F5BF-A679-4AF3-9F15-2E44E324A34B.png\",\"width\":1024,\"height\":1536},{\"@type\":\"BreadcrumbList\",\"@id\":\"https:\/\/www.dostrajamy.com\/produkt\/wydobycie\/#breadcrumb\",\"itemListElement\":[{\"@type\":\"ListItem\",\"position\":1,\"name\":\"Strona g\u0142\u00f3wna\",\"item\":\"https:\/\/www.dostrajamy.com\/\"},{\"@type\":\"ListItem\",\"position\":2,\"name\":\"Sklep\",\"item\":\"https:\/\/www.dostrajamy.com\/sklep\/\"},{\"@type\":\"ListItem\",\"position\":3,\"name\":\"Suknia Dzika Alchemiczka &#8222;Wydobycie &#8211; Papro\u0107&#8221;\"}]},{\"@type\":\"WebSite\",\"@id\":\"https:\/\/www.dostrajamy.com\/#website\",\"url\":\"https:\/\/www.dostrajamy.com\/\",\"name\":\"DomiSol - Dostrajamy\",\"description\":\"Dostr\u00f3j si\u0119 do siebie!\",\"publisher\":{\"@id\":\"https:\/\/www.dostrajamy.com\/#organization\"},\"potentialAction\":[{\"@type\":\"SearchAction\",\"target\":{\"@type\":\"EntryPoint\",\"urlTemplate\":\"https:\/\/www.dostrajamy.com\/?s={search_term_string}\"},\"query-input\":{\"@type\":\"PropertyValueSpecification\",\"valueRequired\":true,\"valueName\":\"search_term_string\"}}],\"inLanguage\":\"en-GB\"},{\"@type\":\"Organization\",\"@id\":\"https:\/\/www.dostrajamy.com\/#organization\",\"name\":\"DomiSol - Dostrajamy\",\"url\":\"https:\/\/www.dostrajamy.com\/\",\"logo\":{\"@type\":\"ImageObject\",\"inLanguage\":\"en-GB\",\"@id\":\"https:\/\/www.dostrajamy.com\/#\/schema\/logo\/image\/\",\"url\":\"https:\/\/www.dostrajamy.com\/wp-content\/uploads\/2025\/02\/cropped-Logo_poziom-1-scaled.png\",\"contentUrl\":\"https:\/\/www.dostrajamy.com\/wp-content\/uploads\/2025\/02\/cropped-Logo_poziom-1-scaled.png\",\"width\":2560,\"height\":453,\"caption\":\"DomiSol - Dostrajamy\"},\"image\":{\"@id\":\"https:\/\/www.dostrajamy.com\/#\/schema\/logo\/image\/\"},\"sameAs\":[\"https:\/\/www.facebook.com\/domisol.dostrajamy\",\"https:\/\/www.instagram.com\/domisol.dostrajamy\",\"https:\/\/www.youtube.com\/@dostrajamy\",\"https:\/\/open.spotify.com\/show\/5je85cYoaCcWGNo7Nwz2iW?si=1c15f6eb977f4f3d&nd=1&dlsi=d2ab15e5d6624979\"]}]}<\/script>\n<!-- \/ Yoast SEO plugin. -->","yoast_head_json":{"title":"Wild Alchemist dress \"Extraction - Fern\" - DomiSol - Tuning","robots":{"index":"index","follow":"follow","max-snippet":"max-snippet:-1","max-image-preview":"max-image-preview:large","max-video-preview":"max-video-preview:-1"},"canonical":"https:\/\/www.dostrajamy.com\/en\/product\/mining\/","og_locale":"en_GB","og_type":"article","og_title":"Suknia Dzika Alchemiczka \"Wydobycie - Papro\u0107\" - DomiSol - Dostrajamy","og_description":"Suknia ecoprint o jasnej, zielonej bazie, na kt\u00f3rej li\u015bcie paproci, klonu, orzecha i winobluszczu zosta\u0142y odbite wyra\u017anie i z precyzj\u0105. \u0141\u0105czy dzik\u0105, le\u015bn\u0105 energi\u0119 z eleganck\u0105, rze\u017abiarsk\u0105 lini\u0105, wzmacniaj\u0105c poczucie stabilno\u015bci i mocy. To suknia stworzona dla kobiety, kt\u00f3ra czuje swoj\u0105 si\u0142\u0119 w ciszy.","og_url":"https:\/\/www.dostrajamy.com\/en\/product\/mining\/","og_site_name":"DomiSol - Dostrajamy","article_publisher":"https:\/\/www.facebook.com\/domisol.dostrajamy","article_modified_time":"2026-03-05T19:17:31+00:00","og_image":[{"width":683,"height":1024,"url":"https:\/\/www.dostrajamy.com\/wp-content\/uploads\/2026\/01\/4401F5BF-A679-4AF3-9F15-2E44E324A34B-683x1024.png","type":"image\/png"}],"twitter_card":"summary_large_image","twitter_misc":{"Estimated reading time":"4 minutes"},"schema":{"@context":"https:\/\/schema.org","@graph":[{"@type":"WebPage","@id":"https:\/\/www.dostrajamy.com\/produkt\/wydobycie\/","url":"https:\/\/www.dostrajamy.com\/produkt\/wydobycie\/","name":"Wild Alchemist dress \"Extraction - Fern\" - DomiSol - Tuning","isPartOf":{"@id":"https:\/\/www.dostrajamy.com\/#website"},"primaryImageOfPage":{"@id":"https:\/\/www.dostrajamy.com\/produkt\/wydobycie\/#primaryimage"},"image":{"@id":"https:\/\/www.dostrajamy.com\/produkt\/wydobycie\/#primaryimage"},"thumbnailUrl":"https:\/\/www.dostrajamy.com\/wp-content\/uploads\/2026\/01\/4401F5BF-A679-4AF3-9F15-2E44E324A34B.png","datePublished":"2026-01-07T18:01:16+00:00","dateModified":"2026-03-05T19:17:31+00:00","breadcrumb":{"@id":"https:\/\/www.dostrajamy.com\/produkt\/wydobycie\/#breadcrumb"},"inLanguage":"en-GB","potentialAction":[{"@type":"ReadAction","target":["https:\/\/www.dostrajamy.com\/produkt\/wydobycie\/"]}]},{"@type":"ImageObject","inLanguage":"en-GB","@id":"https:\/\/www.dostrajamy.com\/produkt\/wydobycie\/#primaryimage","url":"https:\/\/www.dostrajamy.com\/wp-content\/uploads\/2026\/01\/4401F5BF-A679-4AF3-9F15-2E44E324A34B.png","contentUrl":"https:\/\/www.dostrajamy.com\/wp-content\/uploads\/2026\/01\/4401F5BF-A679-4AF3-9F15-2E44E324A34B.png","width":1024,"height":1536},{"@type":"BreadcrumbList","@id":"https:\/\/www.dostrajamy.com\/produkt\/wydobycie\/#breadcrumb","itemListElement":[{"@type":"ListItem","position":1,"name":"Strona g\u0142\u00f3wna","item":"https:\/\/www.dostrajamy.com\/"},{"@type":"ListItem","position":2,"name":"Sklep","item":"https:\/\/www.dostrajamy.com\/sklep\/"},{"@type":"ListItem","position":3,"name":"Suknia Dzika Alchemiczka &#8222;Wydobycie &#8211; Papro\u0107&#8221;"}]},{"@type":"WebSite","@id":"https:\/\/www.dostrajamy.com\/#website","url":"https:\/\/www.dostrajamy.com\/","name":"DomiSol - Dostrajamy","description":"Tune in to yourself!","publisher":{"@id":"https:\/\/www.dostrajamy.com\/#organization"},"potentialAction":[{"@type":"SearchAction","target":{"@type":"EntryPoint","urlTemplate":"https:\/\/www.dostrajamy.com\/?s={search_term_string}"},"query-input":{"@type":"PropertyValueSpecification","valueRequired":true,"valueName":"search_term_string"}}],"inLanguage":"en-GB"},{"@type":"Organization","@id":"https:\/\/www.dostrajamy.com\/#organization","name":"DomiSol - Dostrajamy","url":"https:\/\/www.dostrajamy.com\/","logo":{"@type":"ImageObject","inLanguage":"en-GB","@id":"https:\/\/www.dostrajamy.com\/#\/schema\/logo\/image\/","url":"https:\/\/www.dostrajamy.com\/wp-content\/uploads\/2025\/02\/cropped-Logo_poziom-1-scaled.png","contentUrl":"https:\/\/www.dostrajamy.com\/wp-content\/uploads\/2025\/02\/cropped-Logo_poziom-1-scaled.png","width":2560,"height":453,"caption":"DomiSol - Dostrajamy"},"image":{"@id":"https:\/\/www.dostrajamy.com\/#\/schema\/logo\/image\/"},"sameAs":["https:\/\/www.facebook.com\/domisol.dostrajamy","https:\/\/www.instagram.com\/domisol.dostrajamy","https:\/\/www.youtube.com\/@dostrajamy","https:\/\/open.spotify.com\/show\/5je85cYoaCcWGNo7Nwz2iW?si=1c15f6eb977f4f3d&nd=1&dlsi=d2ab15e5d6624979"]}]}},"_links":{"self":[{"href":"https:\/\/www.dostrajamy.com\/en\/wp-json\/wp\/v2\/product\/5263","targetHints":{"allow":["GET"]}}],"collection":[{"href":"https:\/\/www.dostrajamy.com\/en\/wp-json\/wp\/v2\/product"}],"about":[{"href":"https:\/\/www.dostrajamy.com\/en\/wp-json\/wp\/v2\/types\/product"}],"replies":[{"embeddable":true,"href":"https:\/\/www.dostrajamy.com\/en\/wp-json\/wp\/v2\/comments?post=5263"}],"wp:featuredmedia":[{"embeddable":true,"href":"https:\/\/www.dostrajamy.com\/en\/wp-json\/wp\/v2\/media\/5538"}],"wp:attachment":[{"href":"https:\/\/www.dostrajamy.com\/en\/wp-json\/wp\/v2\/media?parent=5263"}],"wp:term":[{"taxonomy":"product_brand","embeddable":true,"href":"https:\/\/www.dostrajamy.com\/en\/wp-json\/wp\/v2\/product_brand?post=5263"},{"taxonomy":"product_cat","embeddable":true,"href":"https:\/\/www.dostrajamy.com\/en\/wp-json\/wp\/v2\/product_cat?post=5263"},{"taxonomy":"product_tag","embeddable":true,"href":"https:\/\/www.dostrajamy.com\/en\/wp-json\/wp\/v2\/product_tag?post=5263"}],"curies":[{"name":"wp","href":"https:\/\/api.w.org\/{rel}","templated":true}]}}