{"id":5388,"date":"2026-02-16T17:47:15","date_gmt":"2026-02-16T17:47:15","guid":{"rendered":"https:\/\/www.dostrajamy.com\/?post_type=product&#038;p=5388"},"modified":"2026-02-24T20:47:07","modified_gmt":"2026-02-24T20:47:07","slug":"kolekcja-nimfy-lesna-nimfa","status":"publish","type":"product","link":"https:\/\/www.dostrajamy.com\/en\/product\/kolekcja-nimfy-lesna-nimfa\/","title":{"rendered":"Nymph Collection - Forest Nymph"},"content":{"rendered":"<p>The whisper of the trees, the coolness of the morning dew and the rays of light that filter through the leaves, illuminating the entire space. Forest Nymph is like a canvas woven with greenery and luminous brushstrokes - a painting of the forest, full of peace, rootedness and radiance. It's a loose dress that allows the body to breathe and relaxes to the rhythm of nature, bringing bliss to the daily breath.<br \/>\n\ud83c\udf3f Ready to revel in the silence of the forest and immerse yourself in bliss?<\/p>\n<hr class=\"\" data-start=\"1542\" data-end=\"1545\" \/>\n<h3 data-start=\"106\" data-end=\"286\"><strong><img decoding=\"async\" class=\"emoji\" role=\"img\" draggable=\"false\" src=\"https:\/\/s.w.org\/images\/core\/emoji\/15.1.0\/svg\/2728.svg\" alt=\"\u2728\" \/><\/strong><strong data-start=\"1551\" data-end=\"1571\">Sensitive information:<\/strong><\/h3>\n<p><strong>- Material and fabric:<\/strong> Thin, soft cotton batiste (100% cotton), light and airy, comfortable.<br \/>\n<strong>- Plant-based colouring:<\/strong> klon, klon palmowy, robinia \u2013 ka\u017cda sukienka unikatowa.<br \/>\n<strong>- Cut and fit:<\/strong> Loose, with darts that can be tied from the centre to emphasise the waist and bust or worn loose.<br \/>\n<strong>- Finishing:<\/strong> Bi\u017cuteria na szyj\u0119, mo\u017cliwo\u015b\u0107 odpi\u0119cia, mo\u017cna nosi\u0107 z bi\u017cuteri\u0105 lub bez.<br \/>\n<strong>- Bespoke sewing and fitting:<\/strong> Possibility of shortening included in the price; possibility of ordering a dress sewn individually - please contact us for this.<br \/>\n<strong>- Functionality and style:<\/strong> The dress gives comfort, allows the body to breathe and move freely, and can be worn in many ways.<br \/>\n<strong>- Inspiration:<\/strong> A collection like a series of painterly impressions - each colour and detail is reminiscent of a painting in which nature and femininity intertwine in harmony.<br \/>\n<strong>- Individual order:<\/strong> The dress is created one at a time, lead time up to 3 weeks.<br \/>\n<strong>- Creation:<\/strong> Dyed, designed and sewn in Poland with love and care. We create the gowns ourselves, from start to finish every element is handmade by us.<\/p>\n<p>&nbsp;<\/p>\n<hr class=\"\" data-start=\"1542\" data-end=\"1545\" \/>\n<h3 class=\"\" data-start=\"1547\" data-end=\"1571\"><\/h3>\n<h3 data-start=\"106\" data-end=\"286\"><strong><img decoding=\"async\" class=\"emoji\" role=\"img\" draggable=\"false\" src=\"https:\/\/s.w.org\/images\/core\/emoji\/15.1.0\/svg\/1f33f.svg\" alt=\"\ud83c\udf3f\" \/><img decoding=\"async\" class=\"emoji\" role=\"img\" draggable=\"false\" src=\"https:\/\/s.w.org\/images\/core\/emoji\/15.1.0\/svg\/2728.svg\" alt=\"\u2728\" \/>Care recommendations for your soul dress:<\/strong><\/h3>\n<p>\ud83c\udf3f\u2728 So that your dress can accompany you for years to come - like a talisman and a second skin - surround it with tenderness and attention:<br \/>\n- \ud83c\udf0a Wash by hand in water up to 30\u00b0C, in a mild mood, without harsh detergents.<br \/>\n- \ud83d\udca7 Avoid contact with scented liquids and perfumes - to keep the fabric clean.<br \/>\n- \ud83c\udf2c Iron on the left side, gently, as if you were stroking a memory.<br \/>\n- \ud83c\udf19 Don't bleach - wear the natural shade of your dress as a song of your story.<br \/>\n- \u2600\ufe0f Dry in a natural rhythm - preferably flat or on a hanger, in the shade.<\/p>\n<p>This is a dress made to live in rhythm with you - caring for it is like caring for your own story. Wrap yourself in it with care and let your moments together be like a dance of light and shadow.<\/p>\n<p>&nbsp;<\/p>\n<hr class=\"\" data-start=\"1542\" data-end=\"1545\" \/>\n<h3 class=\"\" data-start=\"1547\" data-end=\"1571\"><\/h3>\n<h3 data-start=\"103\" data-end=\"469\"><strong><img decoding=\"async\" class=\"emoji\" role=\"img\" draggable=\"false\" src=\"https:\/\/s.w.org\/images\/core\/emoji\/15.1.0\/svg\/2728.svg\" alt=\"\u2728\" \/> For your harmony and comfort:<\/strong><\/h3>\n<p>\u2728 The model in the photo is 173 cm tall, with a shoulder circumference of 97 cm.<br \/>\n\u2728 If you would like the dress to tune perfectly to your body and height, I am happy to shorten it for you at no extra charge. Just specify your height in the message when you buy - together we'll make sure it's the perfect length and comfortable to wear. If you would like it to be sewn entirely tuned to your body, please email me!<\/p>\n<p>At DomiSol - Tuning I believe that every woman deserves clothing that not only adorns, but resonates with her movement, rhythm and story. The dress is meant to flow with you, not against you. <img decoding=\"async\" class=\"emoji\" role=\"img\" draggable=\"false\" src=\"https:\/\/s.w.org\/images\/core\/emoji\/15.1.0\/svg\/2728.svg\" alt=\"\u2728\" \/><\/p>\n<p>\ud83c\udf00 With the love of beauty and the senses<br \/>\nDomiSol &amp; Zielekada<\/p>","protected":false},"excerpt":{"rendered":"<p>Jak p\u0142\u00f3tno rozja\u015bnione promieniami prze\u015bwituj\u0105cymi przez li\u015bcie. Le\u015bna Nimfa to obraz lasu malowany zieleni\u0105 i \u015bwiat\u0142em &#8211; pe\u0142en ciszy, blasku i b\u0142ogo\u015bci. Lekka, lu\u017ana sukienka bawe\u0142niana pozwala cia\u0142u oddycha\u0107 i daje komfort noszenia.<\/p>","protected":false},"featured_media":5444,"comment_status":"open","ping_status":"closed","template":"","meta":{"_eb_attr":""},"product_brand":[58],"product_cat":[138,110],"product_tag":[63,81,66,59,61,62,67],"class_list":{"0":"post-5388","1":"product","2":"type-product","3":"status-publish","4":"has-post-thumbnail","6":"product_brand-domisol","7":"product_cat-suknia-nimfa","8":"product_cat-kolekcja-nimfy","9":"product_tag-bawelna","10":"product_tag-ecoprint","11":"product_tag-maxi","12":"product_tag-moda","13":"product_tag-piekno","14":"product_tag-suknia","15":"product_tag-szata","17":"first","18":"instock","19":"shipping-taxable","20":"purchasable","21":"product-type-simple"},"yoast_head":"<!-- This site is optimized with the Yoast SEO plugin v26.6 - https:\/\/yoast.com\/wordpress\/plugins\/seo\/ -->\n<title>Kolekcja Nimfy - Le\u015bna Nimfa - DomiSol - Dostrajamy<\/title>\n<meta name=\"robots\" content=\"index, follow, max-snippet:-1, max-image-preview:large, max-video-preview:-1\" \/>\n<link rel=\"canonical\" href=\"https:\/\/www.dostrajamy.com\/en\/product\/kolekcja-nimfy-lesna-nimfa\/\" \/>\n<meta property=\"og:locale\" content=\"en_GB\" \/>\n<meta property=\"og:type\" content=\"article\" \/>\n<meta property=\"og:title\" content=\"Kolekcja Nimfy - Le\u015bna Nimfa - DomiSol - Dostrajamy\" \/>\n<meta property=\"og:description\" content=\"Jak p\u0142\u00f3tno rozja\u015bnione promieniami prze\u015bwituj\u0105cymi przez li\u015bcie. Le\u015bna Nimfa to obraz lasu malowany zieleni\u0105 i \u015bwiat\u0142em - pe\u0142en ciszy, blasku i b\u0142ogo\u015bci. Lekka, lu\u017ana sukienka bawe\u0142niana pozwala cia\u0142u oddycha\u0107 i daje komfort noszenia.\" \/>\n<meta property=\"og:url\" content=\"https:\/\/www.dostrajamy.com\/en\/product\/kolekcja-nimfy-lesna-nimfa\/\" \/>\n<meta property=\"og:site_name\" content=\"DomiSol - Dostrajamy\" \/>\n<meta property=\"article:publisher\" content=\"https:\/\/www.facebook.com\/domisol.dostrajamy\" \/>\n<meta property=\"article:modified_time\" content=\"2026-02-24T20:47:07+00:00\" \/>\n<meta property=\"og:image\" content=\"https:\/\/www.dostrajamy.com\/wp-content\/uploads\/2026\/02\/Nimfa2-683x1024.png\" \/>\n\t<meta property=\"og:image:width\" content=\"683\" \/>\n\t<meta property=\"og:image:height\" content=\"1024\" \/>\n\t<meta property=\"og:image:type\" content=\"image\/png\" \/>\n<meta name=\"twitter:card\" content=\"summary_large_image\" \/>\n<meta name=\"twitter:label1\" content=\"Estimated reading time\" \/>\n\t<meta name=\"twitter:data1\" content=\"4 minutes\" \/>\n<script type=\"application\/ld+json\" class=\"yoast-schema-graph\">{\"@context\":\"https:\/\/schema.org\",\"@graph\":[{\"@type\":\"WebPage\",\"@id\":\"https:\/\/www.dostrajamy.com\/produkt\/kolekcja-nimfy-lesna-nimfa\/\",\"url\":\"https:\/\/www.dostrajamy.com\/produkt\/kolekcja-nimfy-lesna-nimfa\/\",\"name\":\"Kolekcja Nimfy - Le\u015bna Nimfa - DomiSol - Dostrajamy\",\"isPartOf\":{\"@id\":\"https:\/\/www.dostrajamy.com\/#website\"},\"primaryImageOfPage\":{\"@id\":\"https:\/\/www.dostrajamy.com\/produkt\/kolekcja-nimfy-lesna-nimfa\/#primaryimage\"},\"image\":{\"@id\":\"https:\/\/www.dostrajamy.com\/produkt\/kolekcja-nimfy-lesna-nimfa\/#primaryimage\"},\"thumbnailUrl\":\"https:\/\/www.dostrajamy.com\/wp-content\/uploads\/2026\/02\/Nimfa2.png\",\"datePublished\":\"2026-02-16T17:47:15+00:00\",\"dateModified\":\"2026-02-24T20:47:07+00:00\",\"breadcrumb\":{\"@id\":\"https:\/\/www.dostrajamy.com\/produkt\/kolekcja-nimfy-lesna-nimfa\/#breadcrumb\"},\"inLanguage\":\"en-GB\",\"potentialAction\":[{\"@type\":\"ReadAction\",\"target\":[\"https:\/\/www.dostrajamy.com\/produkt\/kolekcja-nimfy-lesna-nimfa\/\"]}]},{\"@type\":\"ImageObject\",\"inLanguage\":\"en-GB\",\"@id\":\"https:\/\/www.dostrajamy.com\/produkt\/kolekcja-nimfy-lesna-nimfa\/#primaryimage\",\"url\":\"https:\/\/www.dostrajamy.com\/wp-content\/uploads\/2026\/02\/Nimfa2.png\",\"contentUrl\":\"https:\/\/www.dostrajamy.com\/wp-content\/uploads\/2026\/02\/Nimfa2.png\",\"width\":1024,\"height\":1536},{\"@type\":\"BreadcrumbList\",\"@id\":\"https:\/\/www.dostrajamy.com\/produkt\/kolekcja-nimfy-lesna-nimfa\/#breadcrumb\",\"itemListElement\":[{\"@type\":\"ListItem\",\"position\":1,\"name\":\"Strona g\u0142\u00f3wna\",\"item\":\"https:\/\/www.dostrajamy.com\/\"},{\"@type\":\"ListItem\",\"position\":2,\"name\":\"Sklep\",\"item\":\"https:\/\/www.dostrajamy.com\/sklep\/\"},{\"@type\":\"ListItem\",\"position\":3,\"name\":\"Kolekcja Nimfy &#8211; Le\u015bna Nimfa\"}]},{\"@type\":\"WebSite\",\"@id\":\"https:\/\/www.dostrajamy.com\/#website\",\"url\":\"https:\/\/www.dostrajamy.com\/\",\"name\":\"DomiSol - Dostrajamy\",\"description\":\"Dostr\u00f3j si\u0119 do siebie!\",\"publisher\":{\"@id\":\"https:\/\/www.dostrajamy.com\/#organization\"},\"potentialAction\":[{\"@type\":\"SearchAction\",\"target\":{\"@type\":\"EntryPoint\",\"urlTemplate\":\"https:\/\/www.dostrajamy.com\/?s={search_term_string}\"},\"query-input\":{\"@type\":\"PropertyValueSpecification\",\"valueRequired\":true,\"valueName\":\"search_term_string\"}}],\"inLanguage\":\"en-GB\"},{\"@type\":\"Organization\",\"@id\":\"https:\/\/www.dostrajamy.com\/#organization\",\"name\":\"DomiSol - Dostrajamy\",\"url\":\"https:\/\/www.dostrajamy.com\/\",\"logo\":{\"@type\":\"ImageObject\",\"inLanguage\":\"en-GB\",\"@id\":\"https:\/\/www.dostrajamy.com\/#\/schema\/logo\/image\/\",\"url\":\"https:\/\/www.dostrajamy.com\/wp-content\/uploads\/2025\/02\/cropped-Logo_poziom-1-scaled.png\",\"contentUrl\":\"https:\/\/www.dostrajamy.com\/wp-content\/uploads\/2025\/02\/cropped-Logo_poziom-1-scaled.png\",\"width\":2560,\"height\":453,\"caption\":\"DomiSol - Dostrajamy\"},\"image\":{\"@id\":\"https:\/\/www.dostrajamy.com\/#\/schema\/logo\/image\/\"},\"sameAs\":[\"https:\/\/www.facebook.com\/domisol.dostrajamy\",\"https:\/\/www.instagram.com\/domisol.dostrajamy\",\"https:\/\/www.youtube.com\/@dostrajamy\",\"https:\/\/open.spotify.com\/show\/5je85cYoaCcWGNo7Nwz2iW?si=1c15f6eb977f4f3d&nd=1&dlsi=d2ab15e5d6624979\"]}]}<\/script>\n<!-- \/ Yoast SEO plugin. -->","yoast_head_json":{"title":"Kolekcja Nimfy - Le\u015bna Nimfa - DomiSol - Dostrajamy","robots":{"index":"index","follow":"follow","max-snippet":"max-snippet:-1","max-image-preview":"max-image-preview:large","max-video-preview":"max-video-preview:-1"},"canonical":"https:\/\/www.dostrajamy.com\/en\/product\/kolekcja-nimfy-lesna-nimfa\/","og_locale":"en_GB","og_type":"article","og_title":"Kolekcja Nimfy - Le\u015bna Nimfa - DomiSol - Dostrajamy","og_description":"Jak p\u0142\u00f3tno rozja\u015bnione promieniami prze\u015bwituj\u0105cymi przez li\u015bcie. Le\u015bna Nimfa to obraz lasu malowany zieleni\u0105 i \u015bwiat\u0142em - pe\u0142en ciszy, blasku i b\u0142ogo\u015bci. Lekka, lu\u017ana sukienka bawe\u0142niana pozwala cia\u0142u oddycha\u0107 i daje komfort noszenia.","og_url":"https:\/\/www.dostrajamy.com\/en\/product\/kolekcja-nimfy-lesna-nimfa\/","og_site_name":"DomiSol - Dostrajamy","article_publisher":"https:\/\/www.facebook.com\/domisol.dostrajamy","article_modified_time":"2026-02-24T20:47:07+00:00","og_image":[{"width":683,"height":1024,"url":"https:\/\/www.dostrajamy.com\/wp-content\/uploads\/2026\/02\/Nimfa2-683x1024.png","type":"image\/png"}],"twitter_card":"summary_large_image","twitter_misc":{"Estimated reading time":"4 minutes"},"schema":{"@context":"https:\/\/schema.org","@graph":[{"@type":"WebPage","@id":"https:\/\/www.dostrajamy.com\/produkt\/kolekcja-nimfy-lesna-nimfa\/","url":"https:\/\/www.dostrajamy.com\/produkt\/kolekcja-nimfy-lesna-nimfa\/","name":"Kolekcja Nimfy - Le\u015bna Nimfa - DomiSol - Dostrajamy","isPartOf":{"@id":"https:\/\/www.dostrajamy.com\/#website"},"primaryImageOfPage":{"@id":"https:\/\/www.dostrajamy.com\/produkt\/kolekcja-nimfy-lesna-nimfa\/#primaryimage"},"image":{"@id":"https:\/\/www.dostrajamy.com\/produkt\/kolekcja-nimfy-lesna-nimfa\/#primaryimage"},"thumbnailUrl":"https:\/\/www.dostrajamy.com\/wp-content\/uploads\/2026\/02\/Nimfa2.png","datePublished":"2026-02-16T17:47:15+00:00","dateModified":"2026-02-24T20:47:07+00:00","breadcrumb":{"@id":"https:\/\/www.dostrajamy.com\/produkt\/kolekcja-nimfy-lesna-nimfa\/#breadcrumb"},"inLanguage":"en-GB","potentialAction":[{"@type":"ReadAction","target":["https:\/\/www.dostrajamy.com\/produkt\/kolekcja-nimfy-lesna-nimfa\/"]}]},{"@type":"ImageObject","inLanguage":"en-GB","@id":"https:\/\/www.dostrajamy.com\/produkt\/kolekcja-nimfy-lesna-nimfa\/#primaryimage","url":"https:\/\/www.dostrajamy.com\/wp-content\/uploads\/2026\/02\/Nimfa2.png","contentUrl":"https:\/\/www.dostrajamy.com\/wp-content\/uploads\/2026\/02\/Nimfa2.png","width":1024,"height":1536},{"@type":"BreadcrumbList","@id":"https:\/\/www.dostrajamy.com\/produkt\/kolekcja-nimfy-lesna-nimfa\/#breadcrumb","itemListElement":[{"@type":"ListItem","position":1,"name":"Strona g\u0142\u00f3wna","item":"https:\/\/www.dostrajamy.com\/"},{"@type":"ListItem","position":2,"name":"Sklep","item":"https:\/\/www.dostrajamy.com\/sklep\/"},{"@type":"ListItem","position":3,"name":"Kolekcja Nimfy &#8211; Le\u015bna Nimfa"}]},{"@type":"WebSite","@id":"https:\/\/www.dostrajamy.com\/#website","url":"https:\/\/www.dostrajamy.com\/","name":"DomiSol - Dostrajamy","description":"Tune in to yourself!","publisher":{"@id":"https:\/\/www.dostrajamy.com\/#organization"},"potentialAction":[{"@type":"SearchAction","target":{"@type":"EntryPoint","urlTemplate":"https:\/\/www.dostrajamy.com\/?s={search_term_string}"},"query-input":{"@type":"PropertyValueSpecification","valueRequired":true,"valueName":"search_term_string"}}],"inLanguage":"en-GB"},{"@type":"Organization","@id":"https:\/\/www.dostrajamy.com\/#organization","name":"DomiSol - Dostrajamy","url":"https:\/\/www.dostrajamy.com\/","logo":{"@type":"ImageObject","inLanguage":"en-GB","@id":"https:\/\/www.dostrajamy.com\/#\/schema\/logo\/image\/","url":"https:\/\/www.dostrajamy.com\/wp-content\/uploads\/2025\/02\/cropped-Logo_poziom-1-scaled.png","contentUrl":"https:\/\/www.dostrajamy.com\/wp-content\/uploads\/2025\/02\/cropped-Logo_poziom-1-scaled.png","width":2560,"height":453,"caption":"DomiSol - Dostrajamy"},"image":{"@id":"https:\/\/www.dostrajamy.com\/#\/schema\/logo\/image\/"},"sameAs":["https:\/\/www.facebook.com\/domisol.dostrajamy","https:\/\/www.instagram.com\/domisol.dostrajamy","https:\/\/www.youtube.com\/@dostrajamy","https:\/\/open.spotify.com\/show\/5je85cYoaCcWGNo7Nwz2iW?si=1c15f6eb977f4f3d&nd=1&dlsi=d2ab15e5d6624979"]}]}},"_links":{"self":[{"href":"https:\/\/www.dostrajamy.com\/en\/wp-json\/wp\/v2\/product\/5388","targetHints":{"allow":["GET"]}}],"collection":[{"href":"https:\/\/www.dostrajamy.com\/en\/wp-json\/wp\/v2\/product"}],"about":[{"href":"https:\/\/www.dostrajamy.com\/en\/wp-json\/wp\/v2\/types\/product"}],"replies":[{"embeddable":true,"href":"https:\/\/www.dostrajamy.com\/en\/wp-json\/wp\/v2\/comments?post=5388"}],"wp:featuredmedia":[{"embeddable":true,"href":"https:\/\/www.dostrajamy.com\/en\/wp-json\/wp\/v2\/media\/5444"}],"wp:attachment":[{"href":"https:\/\/www.dostrajamy.com\/en\/wp-json\/wp\/v2\/media?parent=5388"}],"wp:term":[{"taxonomy":"product_brand","embeddable":true,"href":"https:\/\/www.dostrajamy.com\/en\/wp-json\/wp\/v2\/product_brand?post=5388"},{"taxonomy":"product_cat","embeddable":true,"href":"https:\/\/www.dostrajamy.com\/en\/wp-json\/wp\/v2\/product_cat?post=5388"},{"taxonomy":"product_tag","embeddable":true,"href":"https:\/\/www.dostrajamy.com\/en\/wp-json\/wp\/v2\/product_tag?post=5388"}],"curies":[{"name":"wp","href":"https:\/\/api.w.org\/{rel}","templated":true}]}}