{"id":5401,"date":"2026-02-23T11:19:19","date_gmt":"2026-02-23T11:19:19","guid":{"rendered":"https:\/\/www.dostrajamy.com\/?post_type=product&#038;p=5401"},"modified":"2026-04-12T11:37:03","modified_gmt":"2026-04-12T11:37:03","slug":"dni-otwarte","status":"publish","type":"product","link":"https:\/\/www.dostrajamy.com\/en\/product\/dni-otwarte\/","title":{"rendered":"OPEN DAY of the Tuning Studio (19.04.2026, 12:00-18:00)"},"content":{"rendered":"<p data-start=\"681\" data-end=\"750\">Zapraszam Ci\u0119 na Dzie\u0144 Otwarty w przestrzeni DomiSol &#8211; Dostrajamy \u2728<\/p>\n<p data-start=\"681\" data-end=\"750\">\n<p data-start=\"752\" data-end=\"879\">To moment, w kt\u00f3rym mo\u017cesz zajrze\u0107 bli\u017cej, zobaczy\u0107 miejsce, w kt\u00f3rym powstaj\u0105 moje projekty i do\u015bwiadczy\u0107 ich na \u017cywo.<\/p>\n<p data-start=\"886\" data-end=\"1027\">Suknie mo\u017cesz przymierzy\u0107 spokojnie, bez po\u015bpiechu. Dotkn\u0105\u0107 tkanin, sprawdzi\u0107, jak czuj\u0105 si\u0119 na ciele i zobaczy\u0107, co w Tobie poruszaj\u0105.<\/p>\n<p data-start=\"1029\" data-end=\"1130\">Na miejscu znajdziesz r\u00f3wnie\u017c bi\u017cuteri\u0119 z Grecji oraz zapachy, kt\u00f3re dope\u0142niaj\u0105 ca\u0142e do\u015bwiadczenie.<\/p>\n<p data-start=\"1137\" data-end=\"1271\">To nie jest zwyk\u0142e przymierzanie.<br data-start=\"1170\" data-end=\"1173\" \/>To przestrze\u0144, w kt\u00f3rej mo\u017cesz poby\u0107 chwil\u0119 ze sob\u0105, w lekko\u015bci, bez presji i w swoim tempie.<\/p>\n<p data-start=\"1278\" data-end=\"1443\">\n<p data-start=\"1278\" data-end=\"1443\">Studio b\u0119dzie otwarte w wyznaczonych godzinach, mo\u017cesz przyj\u015b\u0107 w dowolnym momencie, zajrze\u0107, porozmawia\u0107, napi\u0107 si\u0119 herbaty i zosta\u0107 tyle, ile potrzebujesz \ud83d\udc9b<\/p>\n<p data-start=\"1450\" data-end=\"1515\">\n<p data-start=\"1450\" data-end=\"1515\">Je\u015bli czujesz ciekawo\u015b\u0107, b\u0119dzie mi bardzo mi\u0142o Ci\u0119 zobaczy\u0107 \u2728<\/p>\n<p data-start=\"1450\" data-end=\"1515\">Dominika<\/p>","protected":false},"excerpt":{"rendered":"<p data-start=\"570\" data-end=\"670\"><strong data-start=\"570\" data-end=\"670\">W niedziel\u0119 19.04 otwieram drzwi do mojego studia \u2728<br data-start=\"623\" data-end=\"626\" \/>i zapraszam Ci\u0119, \u017ceby zajrze\u0107 do \u015brodka \ud83e\udd0d<\/strong><\/p>\n<p data-start=\"677\" data-end=\"715\">\ud83d\uddd3 niedziela, 19.04<br data-start=\"696\" data-end=\"699\" \/>\ud83d\udd52 12:00-18:00<\/p>\n<p data-start=\"717\" data-end=\"783\">\ud83d\udccd Warszawa &#8211; Mokot\u00f3w<br data-start=\"738\" data-end=\"741\" \/>(al. gen. W\u0142. Sikorskiego 9b\/62, klatka C)<\/p>\n<p data-start=\"785\" data-end=\"841\">Zr\u00f3b rezerwacj\u0119, a wy\u015bl\u0119 Ci dok\u0142adn\u0105 drog\u0119 do studia \u2728<\/p>","protected":false},"featured_media":5957,"comment_status":"open","ping_status":"closed","template":"","meta":{"_eb_attr":""},"product_brand":[],"product_cat":[123],"product_tag":[68,83,59,61,62,67],"class_list":{"0":"post-5401","1":"product","2":"type-product","3":"status-publish","4":"has-post-thumbnail","6":"product_cat-wydarzenia","7":"product_tag-bizuteria","8":"product_tag-kobieta","9":"product_tag-moda","10":"product_tag-piekno","11":"product_tag-suknia","12":"product_tag-szata","14":"first","15":"instock","16":"shipping-taxable","17":"purchasable","18":"product-type-variable"},"yoast_head":"<!-- This site is optimized with the Yoast SEO plugin v26.6 - https:\/\/yoast.com\/wordpress\/plugins\/seo\/ -->\n<title>DZIE\u0143 OTWARTY Studia Dostrajamy (19.04.2026, godz.12:00-18:00) - DomiSol - Dostrajamy<\/title>\n<meta name=\"robots\" content=\"index, follow, max-snippet:-1, max-image-preview:large, max-video-preview:-1\" \/>\n<link rel=\"canonical\" href=\"https:\/\/www.dostrajamy.com\/en\/product\/dni-otwarte\/\" \/>\n<meta property=\"og:locale\" content=\"en_GB\" \/>\n<meta property=\"og:type\" content=\"article\" \/>\n<meta property=\"og:title\" content=\"DZIE\u0143 OTWARTY Studia Dostrajamy (19.04.2026, godz.12:00-18:00) - DomiSol - Dostrajamy\" \/>\n<meta property=\"og:description\" content=\"W niedziel\u0119 19.04 otwieram drzwi do mojego studia \u2728i zapraszam Ci\u0119, \u017ceby zajrze\u0107 do \u015brodka \ud83e\udd0d \ud83d\uddd3 niedziela, 19.04\ud83d\udd52 12:00-18:00 \ud83d\udccd Warszawa - Mokot\u00f3w(al. gen. W\u0142. Sikorskiego 9b\/62, klatka C) Zr\u00f3b rezerwacj\u0119, a wy\u015bl\u0119 Ci dok\u0142adn\u0105 drog\u0119 do studia \u2728\" \/>\n<meta property=\"og:url\" content=\"https:\/\/www.dostrajamy.com\/en\/product\/dni-otwarte\/\" \/>\n<meta property=\"og:site_name\" content=\"DomiSol - Dostrajamy\" \/>\n<meta property=\"article:publisher\" content=\"https:\/\/www.facebook.com\/domisol.dostrajamy\" \/>\n<meta property=\"article:modified_time\" content=\"2026-04-12T11:37:03+00:00\" \/>\n<meta property=\"og:image\" content=\"https:\/\/www.dostrajamy.com\/wp-content\/uploads\/2026\/02\/1.png\" \/>\n\t<meta property=\"og:image:width\" content=\"500\" \/>\n\t<meta property=\"og:image:height\" content=\"500\" \/>\n\t<meta property=\"og:image:type\" content=\"image\/png\" \/>\n<meta name=\"twitter:card\" content=\"summary_large_image\" \/>\n<meta name=\"twitter:label1\" content=\"Estimated reading time\" \/>\n\t<meta name=\"twitter:data1\" content=\"1 minute\" \/>\n<script type=\"application\/ld+json\" class=\"yoast-schema-graph\">{\"@context\":\"https:\/\/schema.org\",\"@graph\":[{\"@type\":\"WebPage\",\"@id\":\"https:\/\/www.dostrajamy.com\/produkt\/dni-otwarte\/\",\"url\":\"https:\/\/www.dostrajamy.com\/produkt\/dni-otwarte\/\",\"name\":\"DZIE\u0143 OTWARTY Studia Dostrajamy (19.04.2026, godz.12:00-18:00) - DomiSol - Dostrajamy\",\"isPartOf\":{\"@id\":\"https:\/\/www.dostrajamy.com\/#website\"},\"primaryImageOfPage\":{\"@id\":\"https:\/\/www.dostrajamy.com\/produkt\/dni-otwarte\/#primaryimage\"},\"image\":{\"@id\":\"https:\/\/www.dostrajamy.com\/produkt\/dni-otwarte\/#primaryimage\"},\"thumbnailUrl\":\"https:\/\/www.dostrajamy.com\/wp-content\/uploads\/2026\/02\/1.png\",\"datePublished\":\"2026-02-23T11:19:19+00:00\",\"dateModified\":\"2026-04-12T11:37:03+00:00\",\"breadcrumb\":{\"@id\":\"https:\/\/www.dostrajamy.com\/produkt\/dni-otwarte\/#breadcrumb\"},\"inLanguage\":\"en-GB\",\"potentialAction\":[{\"@type\":\"ReadAction\",\"target\":[\"https:\/\/www.dostrajamy.com\/produkt\/dni-otwarte\/\"]}]},{\"@type\":\"ImageObject\",\"inLanguage\":\"en-GB\",\"@id\":\"https:\/\/www.dostrajamy.com\/produkt\/dni-otwarte\/#primaryimage\",\"url\":\"https:\/\/www.dostrajamy.com\/wp-content\/uploads\/2026\/02\/1.png\",\"contentUrl\":\"https:\/\/www.dostrajamy.com\/wp-content\/uploads\/2026\/02\/1.png\",\"width\":500,\"height\":500},{\"@type\":\"BreadcrumbList\",\"@id\":\"https:\/\/www.dostrajamy.com\/produkt\/dni-otwarte\/#breadcrumb\",\"itemListElement\":[{\"@type\":\"ListItem\",\"position\":1,\"name\":\"Strona g\u0142\u00f3wna\",\"item\":\"https:\/\/www.dostrajamy.com\/\"},{\"@type\":\"ListItem\",\"position\":2,\"name\":\"Sklep\",\"item\":\"https:\/\/www.dostrajamy.com\/sklep\/\"},{\"@type\":\"ListItem\",\"position\":3,\"name\":\"DZIE\u0143 OTWARTY Studia Dostrajamy (19.04.2026, godz.12:00-18:00)\"}]},{\"@type\":\"WebSite\",\"@id\":\"https:\/\/www.dostrajamy.com\/#website\",\"url\":\"https:\/\/www.dostrajamy.com\/\",\"name\":\"DomiSol - Dostrajamy\",\"description\":\"Dostr\u00f3j si\u0119 do siebie!\",\"publisher\":{\"@id\":\"https:\/\/www.dostrajamy.com\/#organization\"},\"potentialAction\":[{\"@type\":\"SearchAction\",\"target\":{\"@type\":\"EntryPoint\",\"urlTemplate\":\"https:\/\/www.dostrajamy.com\/?s={search_term_string}\"},\"query-input\":{\"@type\":\"PropertyValueSpecification\",\"valueRequired\":true,\"valueName\":\"search_term_string\"}}],\"inLanguage\":\"en-GB\"},{\"@type\":\"Organization\",\"@id\":\"https:\/\/www.dostrajamy.com\/#organization\",\"name\":\"DomiSol - Dostrajamy\",\"url\":\"https:\/\/www.dostrajamy.com\/\",\"logo\":{\"@type\":\"ImageObject\",\"inLanguage\":\"en-GB\",\"@id\":\"https:\/\/www.dostrajamy.com\/#\/schema\/logo\/image\/\",\"url\":\"https:\/\/www.dostrajamy.com\/wp-content\/uploads\/2025\/02\/cropped-Logo_poziom-1-scaled.png\",\"contentUrl\":\"https:\/\/www.dostrajamy.com\/wp-content\/uploads\/2025\/02\/cropped-Logo_poziom-1-scaled.png\",\"width\":2560,\"height\":453,\"caption\":\"DomiSol - Dostrajamy\"},\"image\":{\"@id\":\"https:\/\/www.dostrajamy.com\/#\/schema\/logo\/image\/\"},\"sameAs\":[\"https:\/\/www.facebook.com\/domisol.dostrajamy\",\"https:\/\/www.instagram.com\/domisol.dostrajamy\",\"https:\/\/www.youtube.com\/@dostrajamy\",\"https:\/\/open.spotify.com\/show\/5je85cYoaCcWGNo7Nwz2iW?si=1c15f6eb977f4f3d&nd=1&dlsi=d2ab15e5d6624979\"]}]}<\/script>\n<!-- \/ Yoast SEO plugin. -->","yoast_head_json":{"title":"DZIE\u0143 OTWARTY Studia Dostrajamy (19.04.2026, godz.12:00-18:00) - DomiSol - Dostrajamy","robots":{"index":"index","follow":"follow","max-snippet":"max-snippet:-1","max-image-preview":"max-image-preview:large","max-video-preview":"max-video-preview:-1"},"canonical":"https:\/\/www.dostrajamy.com\/en\/product\/dni-otwarte\/","og_locale":"en_GB","og_type":"article","og_title":"DZIE\u0143 OTWARTY Studia Dostrajamy (19.04.2026, godz.12:00-18:00) - DomiSol - Dostrajamy","og_description":"W niedziel\u0119 19.04 otwieram drzwi do mojego studia \u2728i zapraszam Ci\u0119, \u017ceby zajrze\u0107 do \u015brodka \ud83e\udd0d \ud83d\uddd3 niedziela, 19.04\ud83d\udd52 12:00-18:00 \ud83d\udccd Warszawa - Mokot\u00f3w(al. gen. W\u0142. Sikorskiego 9b\/62, klatka C) Zr\u00f3b rezerwacj\u0119, a wy\u015bl\u0119 Ci dok\u0142adn\u0105 drog\u0119 do studia \u2728","og_url":"https:\/\/www.dostrajamy.com\/en\/product\/dni-otwarte\/","og_site_name":"DomiSol - Dostrajamy","article_publisher":"https:\/\/www.facebook.com\/domisol.dostrajamy","article_modified_time":"2026-04-12T11:37:03+00:00","og_image":[{"width":500,"height":500,"url":"https:\/\/www.dostrajamy.com\/wp-content\/uploads\/2026\/02\/1.png","type":"image\/png"}],"twitter_card":"summary_large_image","twitter_misc":{"Estimated reading time":"1 minute"},"schema":{"@context":"https:\/\/schema.org","@graph":[{"@type":"WebPage","@id":"https:\/\/www.dostrajamy.com\/produkt\/dni-otwarte\/","url":"https:\/\/www.dostrajamy.com\/produkt\/dni-otwarte\/","name":"DZIE\u0143 OTWARTY Studia Dostrajamy (19.04.2026, godz.12:00-18:00) - DomiSol - Dostrajamy","isPartOf":{"@id":"https:\/\/www.dostrajamy.com\/#website"},"primaryImageOfPage":{"@id":"https:\/\/www.dostrajamy.com\/produkt\/dni-otwarte\/#primaryimage"},"image":{"@id":"https:\/\/www.dostrajamy.com\/produkt\/dni-otwarte\/#primaryimage"},"thumbnailUrl":"https:\/\/www.dostrajamy.com\/wp-content\/uploads\/2026\/02\/1.png","datePublished":"2026-02-23T11:19:19+00:00","dateModified":"2026-04-12T11:37:03+00:00","breadcrumb":{"@id":"https:\/\/www.dostrajamy.com\/produkt\/dni-otwarte\/#breadcrumb"},"inLanguage":"en-GB","potentialAction":[{"@type":"ReadAction","target":["https:\/\/www.dostrajamy.com\/produkt\/dni-otwarte\/"]}]},{"@type":"ImageObject","inLanguage":"en-GB","@id":"https:\/\/www.dostrajamy.com\/produkt\/dni-otwarte\/#primaryimage","url":"https:\/\/www.dostrajamy.com\/wp-content\/uploads\/2026\/02\/1.png","contentUrl":"https:\/\/www.dostrajamy.com\/wp-content\/uploads\/2026\/02\/1.png","width":500,"height":500},{"@type":"BreadcrumbList","@id":"https:\/\/www.dostrajamy.com\/produkt\/dni-otwarte\/#breadcrumb","itemListElement":[{"@type":"ListItem","position":1,"name":"Strona g\u0142\u00f3wna","item":"https:\/\/www.dostrajamy.com\/"},{"@type":"ListItem","position":2,"name":"Sklep","item":"https:\/\/www.dostrajamy.com\/sklep\/"},{"@type":"ListItem","position":3,"name":"DZIE\u0143 OTWARTY Studia Dostrajamy (19.04.2026, godz.12:00-18:00)"}]},{"@type":"WebSite","@id":"https:\/\/www.dostrajamy.com\/#website","url":"https:\/\/www.dostrajamy.com\/","name":"DomiSol - Dostrajamy","description":"Tune in to yourself!","publisher":{"@id":"https:\/\/www.dostrajamy.com\/#organization"},"potentialAction":[{"@type":"SearchAction","target":{"@type":"EntryPoint","urlTemplate":"https:\/\/www.dostrajamy.com\/?s={search_term_string}"},"query-input":{"@type":"PropertyValueSpecification","valueRequired":true,"valueName":"search_term_string"}}],"inLanguage":"en-GB"},{"@type":"Organization","@id":"https:\/\/www.dostrajamy.com\/#organization","name":"DomiSol - Dostrajamy","url":"https:\/\/www.dostrajamy.com\/","logo":{"@type":"ImageObject","inLanguage":"en-GB","@id":"https:\/\/www.dostrajamy.com\/#\/schema\/logo\/image\/","url":"https:\/\/www.dostrajamy.com\/wp-content\/uploads\/2025\/02\/cropped-Logo_poziom-1-scaled.png","contentUrl":"https:\/\/www.dostrajamy.com\/wp-content\/uploads\/2025\/02\/cropped-Logo_poziom-1-scaled.png","width":2560,"height":453,"caption":"DomiSol - Dostrajamy"},"image":{"@id":"https:\/\/www.dostrajamy.com\/#\/schema\/logo\/image\/"},"sameAs":["https:\/\/www.facebook.com\/domisol.dostrajamy","https:\/\/www.instagram.com\/domisol.dostrajamy","https:\/\/www.youtube.com\/@dostrajamy","https:\/\/open.spotify.com\/show\/5je85cYoaCcWGNo7Nwz2iW?si=1c15f6eb977f4f3d&nd=1&dlsi=d2ab15e5d6624979"]}]}},"_links":{"self":[{"href":"https:\/\/www.dostrajamy.com\/en\/wp-json\/wp\/v2\/product\/5401","targetHints":{"allow":["GET"]}}],"collection":[{"href":"https:\/\/www.dostrajamy.com\/en\/wp-json\/wp\/v2\/product"}],"about":[{"href":"https:\/\/www.dostrajamy.com\/en\/wp-json\/wp\/v2\/types\/product"}],"replies":[{"embeddable":true,"href":"https:\/\/www.dostrajamy.com\/en\/wp-json\/wp\/v2\/comments?post=5401"}],"wp:featuredmedia":[{"embeddable":true,"href":"https:\/\/www.dostrajamy.com\/en\/wp-json\/wp\/v2\/media\/5957"}],"wp:attachment":[{"href":"https:\/\/www.dostrajamy.com\/en\/wp-json\/wp\/v2\/media?parent=5401"}],"wp:term":[{"taxonomy":"product_brand","embeddable":true,"href":"https:\/\/www.dostrajamy.com\/en\/wp-json\/wp\/v2\/product_brand?post=5401"},{"taxonomy":"product_cat","embeddable":true,"href":"https:\/\/www.dostrajamy.com\/en\/wp-json\/wp\/v2\/product_cat?post=5401"},{"taxonomy":"product_tag","embeddable":true,"href":"https:\/\/www.dostrajamy.com\/en\/wp-json\/wp\/v2\/product_tag?post=5401"}],"curies":[{"name":"wp","href":"https:\/\/api.w.org\/{rel}","templated":true}]}}