{"id":5615,"date":"2026-03-06T17:24:35","date_gmt":"2026-03-06T17:24:35","guid":{"rendered":"https:\/\/www.dostrajamy.com\/?post_type=product&#038;p=5615"},"modified":"2026-03-06T17:26:09","modified_gmt":"2026-03-06T17:26:09","slug":"fajerwerki","status":"publish","type":"product","link":"https:\/\/www.dostrajamy.com\/en\/product\/fajerwerki\/","title":{"rendered":"Fireworks dress"},"content":{"rendered":"<h3 data-start=\"106\" data-end=\"286\"><strong><img decoding=\"async\" class=\"emoji\" role=\"img\" draggable=\"false\" src=\"https:\/\/s.w.org\/images\/core\/emoji\/15.1.0\/svg\/2728.svg\" alt=\"\u2728\" \/><\/strong><strong data-start=\"1551\" data-end=\"1571\">Sensitive information:<\/strong><\/h3>\n<p><strong>Material:<\/strong> 100% cotton hand-dyed using the batik technique. Thin, lightweight, breathable fabric - gently wraps the body and works freely in movement.<\/p>\n<p><strong>Cut:<\/strong> A loose, casual maxi dress with a rounded neckline, embellished with jewellery on the back. The model can be worn in various ways: with the jewellery on the back, with the jewellery turned to the front or loosely with the jewellery detached. The dress has darts that can be tied from the centre emphasising the waist and bust or worn loose, depending on your styling and mood.<\/p>\n<p><strong>Length:<\/strong> Maxi, the model is 173 cm tall. Can be adjusted for height, in which case please state your height in the order notes.<\/p>\n<p><strong>Design:<\/strong> No zips or fastenings. Form designed for comfort, lightness and complete freedom of movement.<\/p>\n<p><strong>Jewellery:<\/strong> Jewellery made from natural stones, hand woven and pinned to the dress, finished with gold filled elements. Detachable, can be worn with or without the jewellery, in which case you can wear the jewellery as two bracelets.<\/p>\n<p><strong>Performance:<\/strong> Model sewn by hand in a single piece. Each batik is unique - the pattern layout will always be one of a kind.<\/p>\n<p><strong>Creation:<\/strong> Designed and sewn in Poland with love and care. I create the dresses myself, from start to finish every element is handmade by me.<\/p>\n<hr class=\"\" data-start=\"1542\" data-end=\"1545\" \/>\n<h3 class=\"\" data-start=\"1547\" data-end=\"1571\"><\/h3>\n<h3 data-start=\"106\" data-end=\"286\"><strong><img decoding=\"async\" class=\"emoji\" role=\"img\" draggable=\"false\" src=\"https:\/\/s.w.org\/images\/core\/emoji\/15.1.0\/svg\/1f33f.svg\" alt=\"\ud83c\udf3f\" \/><img decoding=\"async\" class=\"emoji\" role=\"img\" draggable=\"false\" src=\"https:\/\/s.w.org\/images\/core\/emoji\/15.1.0\/svg\/2728.svg\" alt=\"\u2728\" \/>Care recommendations for your soul dress:<\/strong><\/h3>\n<p>\ud83c\udf3f\u2728 So that your dress can accompany you for years to come - like a talisman and a second skin - surround it with tenderness and attention:<br \/>\n- \ud83c\udf0a Wash by hand in water up to 30\u00b0C, in a gentle mist, without harsh detergents. Batik is best washed in water with vinegar and a few drops of your favourite essential oil.<br \/>\n- \ud83d\udca7 Avoid contact with creams, liquids and perfumes to avoid damaging the fabric.<br \/>\n- \ud83c\udf2c Iron on the left side, gently, as if you were stroking a memory.<br \/>\n- \ud83c\udf19 Don't bleach - wear the natural shade of your dress as a song of your story.<br \/>\n- \u2600\ufe0f Dry in a natural rhythm - preferably flat, in the shade.<\/p>\n<p>This is a dress made to live in rhythm with you - caring for it is like caring for your own story. Wrap yourself in it with care and let your moments together be like a dance of light and shadow.<\/p>\n<hr class=\"\" data-start=\"1542\" data-end=\"1545\" \/>\n<h3 class=\"\" data-start=\"1547\" data-end=\"1571\"><\/h3>\n<h3 data-start=\"103\" data-end=\"469\"><strong><img decoding=\"async\" class=\"emoji\" role=\"img\" draggable=\"false\" src=\"https:\/\/s.w.org\/images\/core\/emoji\/15.1.0\/svg\/2728.svg\" alt=\"\u2728\" \/> For your harmony and comfort:<\/strong><\/h3>\n<p>\u2728 The model in the photo is 173 cm tall with a shoulder circumference of 98 cm.<br \/>\n\u2728 If you want the dress to tune perfectly to your body and height, I'm happy to tailor it for you at no extra charge. Just specify your height in the message when you buy - together we'll make sure it's the perfect length and comfortable to wear. If you would like it to be made entirely tuned to your body in a different fabric, please email me!<\/p>\n<p>At DomiSol - Tuning I believe that every woman deserves clothing that not only adorns, but resonates with her movement, rhythm and story. The dress is meant to flow with you, not against you. <img decoding=\"async\" class=\"emoji\" role=\"img\" draggable=\"false\" src=\"https:\/\/s.w.org\/images\/core\/emoji\/15.1.0\/svg\/2728.svg\" alt=\"\u2728\" \/><\/p>\n<p>\ud83c\udf00 With the love of beauty and the senses<br \/>\nDomiSol<\/p>","protected":false},"excerpt":{"rendered":"<p data-start=\"322\" data-end=\"460\"><strong data-start=\"322\" data-end=\"372\">Light. Free. Painted with light and breath.<\/strong><br data-start=\"372\" data-end=\"375\" \/>This dress is like a warm breeze at sunset - soft, natural and full of life.<\/p>\n<p data-start=\"462\" data-end=\"870\">Cotton maxi dress from the collection <em data-start=\"496\" data-end=\"514\">Painted by the Sun<\/em> was created from hand-painted batik fabric created by artists in Sri Lanka. Each pattern is like a painting - unique, organic, pulsating with the colour and rhythm of nature.<br data-start=\"691\" data-end=\"694\" \/>Cotton breathes with you, sits softly on your body and moves with lightness with every step. The fabric envelops, it does not restrict - it gives you freedom, space and natural femininity.<\/p>\n<p data-start=\"872\" data-end=\"1071\">Perfect for holiday trips, walks by the sea, summer meetings and days when you want to feel free, light and real. It's a dress that flows with your movement and adapts to your rhythm.<\/p>\n<p data-start=\"1073\" data-end=\"1106\"><strong data-start=\"1073\" data-end=\"1106\">Wear and immerse yourself in colour.<\/strong><\/p>\n<p data-start=\"1108\" data-end=\"1248\">It is a dress that allows the body to breathe and the energy to flow freely.<br data-start=\"1176\" data-end=\"1179\" \/>If you feel the call of the sun and space - she is already waiting for you.<\/p>","protected":false},"featured_media":5598,"comment_status":"open","ping_status":"closed","template":"","meta":{"_eb_attr":""},"product_brand":[58],"product_cat":[137,95],"product_tag":[64,63,68,66,59,61,62,67],"class_list":{"0":"post-5615","1":"product","2":"type-product","3":"status-publish","4":"has-post-thumbnail","6":"product_brand-domisol","7":"product_cat-suknia-szata","8":"product_cat-kolekcja-batikowa","9":"product_tag-batik","10":"product_tag-bawelna","11":"product_tag-bizuteria","12":"product_tag-maxi","13":"product_tag-moda","14":"product_tag-piekno","15":"product_tag-suknia","16":"product_tag-szata","18":"first","19":"instock","20":"shipping-taxable","21":"purchasable","22":"product-type-simple"},"yoast_head":"<!-- This site is optimized with the Yoast SEO plugin v26.6 - https:\/\/yoast.com\/wordpress\/plugins\/seo\/ -->\n<title>Suknia Fajerwerki - DomiSol - Dostrajamy<\/title>\n<meta name=\"robots\" content=\"index, follow, max-snippet:-1, max-image-preview:large, max-video-preview:-1\" \/>\n<link rel=\"canonical\" href=\"https:\/\/www.dostrajamy.com\/en\/product\/fajerwerki\/\" \/>\n<meta property=\"og:locale\" content=\"en_GB\" \/>\n<meta property=\"og:type\" content=\"article\" \/>\n<meta property=\"og:title\" content=\"Suknia Fajerwerki - DomiSol - Dostrajamy\" \/>\n<meta property=\"og:description\" content=\"Lekka. Swobodna. Malowana \u015bwiat\u0142em i oddechem.Ta suknia jest jak ciep\u0142y wiatr o zachodzie s\u0142o\u0144ca - mi\u0119kka, naturalna i pe\u0142na \u017cycia. Bawe\u0142niana suknia maxi z kolekcji Malowane S\u0142o\u0144cem powsta\u0142a z r\u0119cznie malowanej tkaniny batikowej tworzonej przez artyst\u00f3w na Sri Lance. Ka\u017cdy wz\u00f3r jest jak obraz - niepowtarzalny, organiczny, pulsuj\u0105cy kolorem i rytmem natury.Bawe\u0142na oddycha razem z Tob\u0105, mi\u0119kko uk\u0142ada si\u0119 na ciele i porusza z lekko\u015bci\u0105 przy ka\u017cdym kroku. Tkanina otula, nie ogranicza - daje swobod\u0119, przestrze\u0144 i naturaln\u0105 kobieco\u015b\u0107. Idealna na wakacyjne podr\u00f3\u017ce, spacery nad morzem, letnie spotkania i dni, w kt\u00f3rych chcesz czu\u0107 si\u0119 wolna, lekka i prawdziwa. To suknia, kt\u00f3ra p\u0142ynie z Twoim ruchem i dopasowuje si\u0119 do Twojego rytmu. Za\u0142\u00f3\u017c i zanurz si\u0119 w kolorze. To suknia, kt\u00f3ra pozwala cia\u0142u oddycha\u0107, a energii swobodnie p\u0142yn\u0105\u0107.Je\u015bli czujesz wo\u0142anie s\u0142o\u0144ca i przestrzeni - ona ju\u017c na Ciebie czeka.\" \/>\n<meta property=\"og:url\" content=\"https:\/\/www.dostrajamy.com\/en\/product\/fajerwerki\/\" \/>\n<meta property=\"og:site_name\" content=\"DomiSol - Dostrajamy\" \/>\n<meta property=\"article:publisher\" content=\"https:\/\/www.facebook.com\/domisol.dostrajamy\" \/>\n<meta property=\"article:modified_time\" content=\"2026-03-06T17:26:09+00:00\" \/>\n<meta property=\"og:image\" content=\"https:\/\/www.dostrajamy.com\/wp-content\/uploads\/2026\/03\/52ECF9B6-5C71-42C6-9192-F279E7B3D782-683x1024.png\" \/>\n\t<meta property=\"og:image:width\" content=\"683\" \/>\n\t<meta property=\"og:image:height\" content=\"1024\" \/>\n\t<meta property=\"og:image:type\" content=\"image\/png\" \/>\n<meta name=\"twitter:card\" content=\"summary_large_image\" \/>\n<meta name=\"twitter:label1\" content=\"Estimated reading time\" \/>\n\t<meta name=\"twitter:data1\" content=\"4 minutes\" \/>\n<script type=\"application\/ld+json\" class=\"yoast-schema-graph\">{\"@context\":\"https:\/\/schema.org\",\"@graph\":[{\"@type\":\"WebPage\",\"@id\":\"https:\/\/www.dostrajamy.com\/produkt\/fajerwerki\/\",\"url\":\"https:\/\/www.dostrajamy.com\/produkt\/fajerwerki\/\",\"name\":\"Suknia Fajerwerki - DomiSol - Dostrajamy\",\"isPartOf\":{\"@id\":\"https:\/\/www.dostrajamy.com\/#website\"},\"primaryImageOfPage\":{\"@id\":\"https:\/\/www.dostrajamy.com\/produkt\/fajerwerki\/#primaryimage\"},\"image\":{\"@id\":\"https:\/\/www.dostrajamy.com\/produkt\/fajerwerki\/#primaryimage\"},\"thumbnailUrl\":\"https:\/\/www.dostrajamy.com\/wp-content\/uploads\/2026\/03\/52ECF9B6-5C71-42C6-9192-F279E7B3D782.png\",\"datePublished\":\"2026-03-06T17:24:35+00:00\",\"dateModified\":\"2026-03-06T17:26:09+00:00\",\"breadcrumb\":{\"@id\":\"https:\/\/www.dostrajamy.com\/produkt\/fajerwerki\/#breadcrumb\"},\"inLanguage\":\"en-GB\",\"potentialAction\":[{\"@type\":\"ReadAction\",\"target\":[\"https:\/\/www.dostrajamy.com\/produkt\/fajerwerki\/\"]}]},{\"@type\":\"ImageObject\",\"inLanguage\":\"en-GB\",\"@id\":\"https:\/\/www.dostrajamy.com\/produkt\/fajerwerki\/#primaryimage\",\"url\":\"https:\/\/www.dostrajamy.com\/wp-content\/uploads\/2026\/03\/52ECF9B6-5C71-42C6-9192-F279E7B3D782.png\",\"contentUrl\":\"https:\/\/www.dostrajamy.com\/wp-content\/uploads\/2026\/03\/52ECF9B6-5C71-42C6-9192-F279E7B3D782.png\",\"width\":1024,\"height\":1536},{\"@type\":\"BreadcrumbList\",\"@id\":\"https:\/\/www.dostrajamy.com\/produkt\/fajerwerki\/#breadcrumb\",\"itemListElement\":[{\"@type\":\"ListItem\",\"position\":1,\"name\":\"Strona g\u0142\u00f3wna\",\"item\":\"https:\/\/www.dostrajamy.com\/\"},{\"@type\":\"ListItem\",\"position\":2,\"name\":\"Sklep\",\"item\":\"https:\/\/www.dostrajamy.com\/sklep\/\"},{\"@type\":\"ListItem\",\"position\":3,\"name\":\"Suknia Fajerwerki\"}]},{\"@type\":\"WebSite\",\"@id\":\"https:\/\/www.dostrajamy.com\/#website\",\"url\":\"https:\/\/www.dostrajamy.com\/\",\"name\":\"DomiSol - Dostrajamy\",\"description\":\"Dostr\u00f3j si\u0119 do siebie!\",\"publisher\":{\"@id\":\"https:\/\/www.dostrajamy.com\/#organization\"},\"potentialAction\":[{\"@type\":\"SearchAction\",\"target\":{\"@type\":\"EntryPoint\",\"urlTemplate\":\"https:\/\/www.dostrajamy.com\/?s={search_term_string}\"},\"query-input\":{\"@type\":\"PropertyValueSpecification\",\"valueRequired\":true,\"valueName\":\"search_term_string\"}}],\"inLanguage\":\"en-GB\"},{\"@type\":\"Organization\",\"@id\":\"https:\/\/www.dostrajamy.com\/#organization\",\"name\":\"DomiSol - Dostrajamy\",\"url\":\"https:\/\/www.dostrajamy.com\/\",\"logo\":{\"@type\":\"ImageObject\",\"inLanguage\":\"en-GB\",\"@id\":\"https:\/\/www.dostrajamy.com\/#\/schema\/logo\/image\/\",\"url\":\"https:\/\/www.dostrajamy.com\/wp-content\/uploads\/2025\/02\/cropped-Logo_poziom-1-scaled.png\",\"contentUrl\":\"https:\/\/www.dostrajamy.com\/wp-content\/uploads\/2025\/02\/cropped-Logo_poziom-1-scaled.png\",\"width\":2560,\"height\":453,\"caption\":\"DomiSol - Dostrajamy\"},\"image\":{\"@id\":\"https:\/\/www.dostrajamy.com\/#\/schema\/logo\/image\/\"},\"sameAs\":[\"https:\/\/www.facebook.com\/domisol.dostrajamy\",\"https:\/\/www.instagram.com\/domisol.dostrajamy\",\"https:\/\/www.youtube.com\/@dostrajamy\",\"https:\/\/open.spotify.com\/show\/5je85cYoaCcWGNo7Nwz2iW?si=1c15f6eb977f4f3d&nd=1&dlsi=d2ab15e5d6624979\"]}]}<\/script>\n<!-- \/ Yoast SEO plugin. -->","yoast_head_json":{"title":"Suknia Fajerwerki - DomiSol - Dostrajamy","robots":{"index":"index","follow":"follow","max-snippet":"max-snippet:-1","max-image-preview":"max-image-preview:large","max-video-preview":"max-video-preview:-1"},"canonical":"https:\/\/www.dostrajamy.com\/en\/product\/fajerwerki\/","og_locale":"en_GB","og_type":"article","og_title":"Suknia Fajerwerki - DomiSol - Dostrajamy","og_description":"Lekka. Swobodna. Malowana \u015bwiat\u0142em i oddechem.Ta suknia jest jak ciep\u0142y wiatr o zachodzie s\u0142o\u0144ca - mi\u0119kka, naturalna i pe\u0142na \u017cycia. Bawe\u0142niana suknia maxi z kolekcji Malowane S\u0142o\u0144cem powsta\u0142a z r\u0119cznie malowanej tkaniny batikowej tworzonej przez artyst\u00f3w na Sri Lance. Ka\u017cdy wz\u00f3r jest jak obraz - niepowtarzalny, organiczny, pulsuj\u0105cy kolorem i rytmem natury.Bawe\u0142na oddycha razem z Tob\u0105, mi\u0119kko uk\u0142ada si\u0119 na ciele i porusza z lekko\u015bci\u0105 przy ka\u017cdym kroku. Tkanina otula, nie ogranicza - daje swobod\u0119, przestrze\u0144 i naturaln\u0105 kobieco\u015b\u0107. Idealna na wakacyjne podr\u00f3\u017ce, spacery nad morzem, letnie spotkania i dni, w kt\u00f3rych chcesz czu\u0107 si\u0119 wolna, lekka i prawdziwa. To suknia, kt\u00f3ra p\u0142ynie z Twoim ruchem i dopasowuje si\u0119 do Twojego rytmu. Za\u0142\u00f3\u017c i zanurz si\u0119 w kolorze. To suknia, kt\u00f3ra pozwala cia\u0142u oddycha\u0107, a energii swobodnie p\u0142yn\u0105\u0107.Je\u015bli czujesz wo\u0142anie s\u0142o\u0144ca i przestrzeni - ona ju\u017c na Ciebie czeka.","og_url":"https:\/\/www.dostrajamy.com\/en\/product\/fajerwerki\/","og_site_name":"DomiSol - Dostrajamy","article_publisher":"https:\/\/www.facebook.com\/domisol.dostrajamy","article_modified_time":"2026-03-06T17:26:09+00:00","og_image":[{"width":683,"height":1024,"url":"https:\/\/www.dostrajamy.com\/wp-content\/uploads\/2026\/03\/52ECF9B6-5C71-42C6-9192-F279E7B3D782-683x1024.png","type":"image\/png"}],"twitter_card":"summary_large_image","twitter_misc":{"Estimated reading time":"4 minutes"},"schema":{"@context":"https:\/\/schema.org","@graph":[{"@type":"WebPage","@id":"https:\/\/www.dostrajamy.com\/produkt\/fajerwerki\/","url":"https:\/\/www.dostrajamy.com\/produkt\/fajerwerki\/","name":"Suknia Fajerwerki - DomiSol - Dostrajamy","isPartOf":{"@id":"https:\/\/www.dostrajamy.com\/#website"},"primaryImageOfPage":{"@id":"https:\/\/www.dostrajamy.com\/produkt\/fajerwerki\/#primaryimage"},"image":{"@id":"https:\/\/www.dostrajamy.com\/produkt\/fajerwerki\/#primaryimage"},"thumbnailUrl":"https:\/\/www.dostrajamy.com\/wp-content\/uploads\/2026\/03\/52ECF9B6-5C71-42C6-9192-F279E7B3D782.png","datePublished":"2026-03-06T17:24:35+00:00","dateModified":"2026-03-06T17:26:09+00:00","breadcrumb":{"@id":"https:\/\/www.dostrajamy.com\/produkt\/fajerwerki\/#breadcrumb"},"inLanguage":"en-GB","potentialAction":[{"@type":"ReadAction","target":["https:\/\/www.dostrajamy.com\/produkt\/fajerwerki\/"]}]},{"@type":"ImageObject","inLanguage":"en-GB","@id":"https:\/\/www.dostrajamy.com\/produkt\/fajerwerki\/#primaryimage","url":"https:\/\/www.dostrajamy.com\/wp-content\/uploads\/2026\/03\/52ECF9B6-5C71-42C6-9192-F279E7B3D782.png","contentUrl":"https:\/\/www.dostrajamy.com\/wp-content\/uploads\/2026\/03\/52ECF9B6-5C71-42C6-9192-F279E7B3D782.png","width":1024,"height":1536},{"@type":"BreadcrumbList","@id":"https:\/\/www.dostrajamy.com\/produkt\/fajerwerki\/#breadcrumb","itemListElement":[{"@type":"ListItem","position":1,"name":"Strona g\u0142\u00f3wna","item":"https:\/\/www.dostrajamy.com\/"},{"@type":"ListItem","position":2,"name":"Sklep","item":"https:\/\/www.dostrajamy.com\/sklep\/"},{"@type":"ListItem","position":3,"name":"Suknia Fajerwerki"}]},{"@type":"WebSite","@id":"https:\/\/www.dostrajamy.com\/#website","url":"https:\/\/www.dostrajamy.com\/","name":"DomiSol - Dostrajamy","description":"Tune in to yourself!","publisher":{"@id":"https:\/\/www.dostrajamy.com\/#organization"},"potentialAction":[{"@type":"SearchAction","target":{"@type":"EntryPoint","urlTemplate":"https:\/\/www.dostrajamy.com\/?s={search_term_string}"},"query-input":{"@type":"PropertyValueSpecification","valueRequired":true,"valueName":"search_term_string"}}],"inLanguage":"en-GB"},{"@type":"Organization","@id":"https:\/\/www.dostrajamy.com\/#organization","name":"DomiSol - Dostrajamy","url":"https:\/\/www.dostrajamy.com\/","logo":{"@type":"ImageObject","inLanguage":"en-GB","@id":"https:\/\/www.dostrajamy.com\/#\/schema\/logo\/image\/","url":"https:\/\/www.dostrajamy.com\/wp-content\/uploads\/2025\/02\/cropped-Logo_poziom-1-scaled.png","contentUrl":"https:\/\/www.dostrajamy.com\/wp-content\/uploads\/2025\/02\/cropped-Logo_poziom-1-scaled.png","width":2560,"height":453,"caption":"DomiSol - Dostrajamy"},"image":{"@id":"https:\/\/www.dostrajamy.com\/#\/schema\/logo\/image\/"},"sameAs":["https:\/\/www.facebook.com\/domisol.dostrajamy","https:\/\/www.instagram.com\/domisol.dostrajamy","https:\/\/www.youtube.com\/@dostrajamy","https:\/\/open.spotify.com\/show\/5je85cYoaCcWGNo7Nwz2iW?si=1c15f6eb977f4f3d&nd=1&dlsi=d2ab15e5d6624979"]}]}},"_links":{"self":[{"href":"https:\/\/www.dostrajamy.com\/en\/wp-json\/wp\/v2\/product\/5615","targetHints":{"allow":["GET"]}}],"collection":[{"href":"https:\/\/www.dostrajamy.com\/en\/wp-json\/wp\/v2\/product"}],"about":[{"href":"https:\/\/www.dostrajamy.com\/en\/wp-json\/wp\/v2\/types\/product"}],"replies":[{"embeddable":true,"href":"https:\/\/www.dostrajamy.com\/en\/wp-json\/wp\/v2\/comments?post=5615"}],"wp:featuredmedia":[{"embeddable":true,"href":"https:\/\/www.dostrajamy.com\/en\/wp-json\/wp\/v2\/media\/5598"}],"wp:attachment":[{"href":"https:\/\/www.dostrajamy.com\/en\/wp-json\/wp\/v2\/media?parent=5615"}],"wp:term":[{"taxonomy":"product_brand","embeddable":true,"href":"https:\/\/www.dostrajamy.com\/en\/wp-json\/wp\/v2\/product_brand?post=5615"},{"taxonomy":"product_cat","embeddable":true,"href":"https:\/\/www.dostrajamy.com\/en\/wp-json\/wp\/v2\/product_cat?post=5615"},{"taxonomy":"product_tag","embeddable":true,"href":"https:\/\/www.dostrajamy.com\/en\/wp-json\/wp\/v2\/product_tag?post=5615"}],"curies":[{"name":"wp","href":"https:\/\/api.w.org\/{rel}","templated":true}]}}