{"id":5898,"date":"2026-04-07T05:57:42","date_gmt":"2026-04-07T05:57:42","guid":{"rendered":"https:\/\/www.dostrajamy.com\/?post_type=product&#038;p=5898"},"modified":"2026-04-07T08:21:20","modified_gmt":"2026-04-07T08:21:20","slug":"suknia-gejsza-decyzji","status":"publish","type":"product","link":"https:\/\/www.dostrajamy.com\/en\/product\/suknia-gejsza-decyzji\/","title":{"rendered":"The \u201eGeisha of Decision\u201d dress\u201d"},"content":{"rendered":"<p class=\"p1\" style=\"text-align: left;\"><span class=\"s1\">There are women who do not follow the pace of the world. It is the world that starts to tune in to them.<\/span><\/p>\n<p class=\"p1\"><span class=\"s1\">The geisha is an artist. Her material is not just movement, word or gesture, it is the moment.<\/span><\/p>\n<p class=\"p1\"><span class=\"s1\">It is attentiveness, a feeling, a decision made at exactly the moment it makes sense. Wild Geisha is a collection inspired by this quality.<\/span><\/p>\n<p class=\"p1\"><span class=\"s1\">A form of kimono, but liberated. Sleeveless. <\/span><span class=\"s1\">With space for the body, for the breath, for variability.<\/span><\/p>\n<p class=\"p1\"><span class=\"s1\">With a wide, long jewellery-embellished belt that not only wraps and holds the fabric, but gathers the energy of the woman at its centre.<\/span><\/p>\n<p class=\"p1\"><span class=\"s1\">You can tie it up and feel the focus. <\/span>You can relax it and step into the lightness. You can impose it on yourself and let it simply envelop you.<\/p>\n<p class=\"p1\"><span class=\"s1\">Each was created from nature - coloured with plants, not to be repeated.<\/span><\/p>\n<p class=\"p1\"><span class=\"s1\">Like a moment. <\/span>Like a decision. Like you.<\/p>\n<p class=\"p1\"><strong><br \/>\n\u2728<\/strong><strong data-start=\"1551\" data-end=\"1571\">Sensitive information:<\/strong><\/p>\n<p><strong>- Material and fabric:<\/strong> The dress is sewn from 100% cotton, dyed by hand and naturally, using the ecoprint technique, or \u201eprinting\u201d with plants. The colours come entirely from nature. The traces of leaves and flowers are reflections of real plants, the essence of nature transferred onto the fabric.<br \/>\n<strong>- Plant-based colouring:<\/strong> nut.<\/p>\n<p><strong>- Jewellery: <\/strong>natural stones.<br \/>\n<strong>- Cut and fit: <\/strong>Cut inspired by a kimono, it can be tied tightly wrapping the body, slightly giving the dress more opulence or worn loosely throwing it over the shoulders. The dress is one size (maximum circumference 133cm, maximum length: 150cm), the belt includes attachable jewellery which you can detach and enjoy as a bracelet.<\/p>\n<p><strong>- Matching:<\/strong> Can be shortened at a price. To do so, please state your height in the message to your order.<br \/>\n<strong>- Functionality and style:<\/strong> The dress gives comfort, allows the body to breathe and move freely, and can be worn in many ways.<br \/>\n<strong>- Individual order:<\/strong> A new ordered dress is created one at a time, lead time up to 3 weeks depending on plant availability.<br \/>\n<strong>- Creation:<\/strong> Dyed, designed and sewn in Poland with love and care. We create the gowns ourselves, from start to finish every element is handmade by us.<\/p>\n<p>&nbsp;<\/p>\n<hr class=\"\" data-start=\"1542\" data-end=\"1545\" \/>\n<h3 class=\"\" data-start=\"1547\" data-end=\"1571\"><\/h3>\n<h3 data-start=\"106\" data-end=\"286\"><strong>\ud83c\udf3f\u2728 Care recommendations for your soul dress:<\/strong><\/h3>\n<p>\ud83c\udf3f\u2728 So that your dress can accompany you for years to come - like a talisman and a second skin - surround it with tenderness and attention:<br \/>\n- \ud83c\udf0a Wash by hand in water up to 30\u00b0C, in a mild mood, without harsh detergents.<br \/>\n- \ud83d\udca7 Avoid contact with scented liquids and perfumes - to keep the fabric clean.<br \/>\n- \ud83c\udf2c Iron on the left side, gently, as if you were stroking a memory.<br \/>\n- \ud83c\udf19 Don't bleach - wear the natural shade of your dress as a song of your story.<br \/>\n- \u2600\ufe0f Dry in a natural rhythm - preferably flat or on a hanger, in the shade.<\/p>\n<p>This is a dress made to live in rhythm with you - caring for it is like caring for your own story. Wrap yourself in it with care and let your moments together be like a dance of light and shadow.<\/p>\n<p>&nbsp;<\/p>\n<hr class=\"\" data-start=\"1542\" data-end=\"1545\" \/>\n<h3 class=\"\" data-start=\"1547\" data-end=\"1571\"><\/h3>\n<h3 data-start=\"103\" data-end=\"469\"><strong>\u2728 For your harmony and comfort:<\/strong><\/h3>\n<p>\u2728 The model in the photo is 173 cm tall.<br \/>\n\u2728 If you would like your gown to tune perfectly to your body and height, I am happy to shorten it for you at no extra charge. All you need to do is <strong>specify height in the purchase message<\/strong> - Together we will make sure it is the perfect length and comfortable to wear. If you'd like me to sew a similar one entirely tuned to your body, email me!<\/p>\n<p>At DomiSol - Tuning I believe that every woman deserves clothing that not only adorns, but resonates with her movement, rhythm and story. The dress is meant to flow with you, not against you. \u2728<\/p>\n<p>\ud83c\udf00 With the love of beauty and the senses<br \/>\nDomiSol &amp; Zielekada<\/p>","protected":false},"excerpt":{"rendered":"<p class=\"p1\"><strong><span class=\"s1\">WILD GEYS. Artists of Life.<\/span><\/strong><\/p>\n<p class=\"p1\"><span class=\"s1\">Suknia o wyra\u017anej, osadzonej energii. <\/span><span class=\"s1\">O momencie, w kt\u00f3rym wiesz.<\/span><\/p>\n<p class=\"p1\"><span class=\"s1\">Mo\u017ce by\u0107 zwi\u0105zana blisko cia\u0142a lub bardziej swobodna, daje wyb\u00f3r i struktur\u0119 jednocze\u015bnie. Szeroki pas stabilizuje form\u0119 i podkre\u015bla tali\u0119.<\/span><\/p>\n<p class=\"p1\"><span class=\"s1\">Sukienka kimono slow fashion, kt\u00f3ra wspiera Ci\u0119 w byciu w swojej decyzji.<\/span><\/p>","protected":false},"featured_media":5895,"comment_status":"open","ping_status":"closed","template":"","meta":{"_eb_attr":""},"product_brand":[58],"product_cat":[143,142,43],"product_tag":[63,81,83,59,61,62,67,82],"class_list":{"0":"post-5898","1":"product","2":"type-product","3":"status-publish","4":"has-post-thumbnail","6":"product_brand-domisol","7":"product_cat-kolekcja-ecoprint-dzikie-gejsze","8":"product_cat-suknie-gejsze","9":"product_cat-bizuteryjne-suknie","10":"product_tag-bawelna","11":"product_tag-ecoprint","12":"product_tag-kobieta","13":"product_tag-moda","14":"product_tag-piekno","15":"product_tag-suknia","16":"product_tag-szata","17":"product_tag-zielekada","19":"first","20":"instock","21":"shipping-taxable","22":"purchasable","23":"product-type-simple"},"yoast_head":"<!-- This site is optimized with the Yoast SEO plugin v26.6 - https:\/\/yoast.com\/wordpress\/plugins\/seo\/ -->\n<title>Suknia \u201eGejsza Decyzji\u201d - DomiSol - Dostrajamy<\/title>\n<meta name=\"robots\" content=\"index, follow, max-snippet:-1, max-image-preview:large, max-video-preview:-1\" \/>\n<link rel=\"canonical\" href=\"https:\/\/www.dostrajamy.com\/en\/product\/suknia-gejsza-decyzji\/\" \/>\n<meta property=\"og:locale\" content=\"en_GB\" \/>\n<meta property=\"og:type\" content=\"article\" \/>\n<meta property=\"og:title\" content=\"Suknia \u201eGejsza Decyzji\u201d - DomiSol - Dostrajamy\" \/>\n<meta property=\"og:description\" content=\"DZIKIE GEJSZE. Artystki \u017bycia. Suknia o wyra\u017anej, osadzonej energii. O momencie, w kt\u00f3rym wiesz. Mo\u017ce by\u0107 zwi\u0105zana blisko cia\u0142a lub bardziej swobodna, daje wyb\u00f3r i struktur\u0119 jednocze\u015bnie. Szeroki pas stabilizuje form\u0119 i podkre\u015bla tali\u0119. Sukienka kimono slow fashion, kt\u00f3ra wspiera Ci\u0119 w byciu w swojej decyzji.\" \/>\n<meta property=\"og:url\" content=\"https:\/\/www.dostrajamy.com\/en\/product\/suknia-gejsza-decyzji\/\" \/>\n<meta property=\"og:site_name\" content=\"DomiSol - Dostrajamy\" \/>\n<meta property=\"article:publisher\" content=\"https:\/\/www.facebook.com\/domisol.dostrajamy\" \/>\n<meta property=\"article:modified_time\" content=\"2026-04-07T08:21:20+00:00\" \/>\n<meta property=\"og:image\" content=\"https:\/\/www.dostrajamy.com\/wp-content\/uploads\/2026\/04\/6653202C-A221-45E4-A227-4442953FDAE2-683x1024.png\" \/>\n\t<meta property=\"og:image:width\" content=\"683\" \/>\n\t<meta property=\"og:image:height\" content=\"1024\" \/>\n\t<meta property=\"og:image:type\" content=\"image\/png\" \/>\n<meta name=\"twitter:card\" content=\"summary_large_image\" \/>\n<meta name=\"twitter:label1\" content=\"Estimated reading time\" \/>\n\t<meta name=\"twitter:data1\" content=\"4 minutes\" \/>\n<script type=\"application\/ld+json\" class=\"yoast-schema-graph\">{\"@context\":\"https:\/\/schema.org\",\"@graph\":[{\"@type\":\"WebPage\",\"@id\":\"https:\/\/www.dostrajamy.com\/produkt\/suknia-gejsza-decyzji\/\",\"url\":\"https:\/\/www.dostrajamy.com\/produkt\/suknia-gejsza-decyzji\/\",\"name\":\"Suknia \u201eGejsza Decyzji\u201d - DomiSol - Dostrajamy\",\"isPartOf\":{\"@id\":\"https:\/\/www.dostrajamy.com\/#website\"},\"primaryImageOfPage\":{\"@id\":\"https:\/\/www.dostrajamy.com\/produkt\/suknia-gejsza-decyzji\/#primaryimage\"},\"image\":{\"@id\":\"https:\/\/www.dostrajamy.com\/produkt\/suknia-gejsza-decyzji\/#primaryimage\"},\"thumbnailUrl\":\"https:\/\/www.dostrajamy.com\/wp-content\/uploads\/2026\/04\/6653202C-A221-45E4-A227-4442953FDAE2.png\",\"datePublished\":\"2026-04-07T05:57:42+00:00\",\"dateModified\":\"2026-04-07T08:21:20+00:00\",\"breadcrumb\":{\"@id\":\"https:\/\/www.dostrajamy.com\/produkt\/suknia-gejsza-decyzji\/#breadcrumb\"},\"inLanguage\":\"en-GB\",\"potentialAction\":[{\"@type\":\"ReadAction\",\"target\":[\"https:\/\/www.dostrajamy.com\/produkt\/suknia-gejsza-decyzji\/\"]}]},{\"@type\":\"ImageObject\",\"inLanguage\":\"en-GB\",\"@id\":\"https:\/\/www.dostrajamy.com\/produkt\/suknia-gejsza-decyzji\/#primaryimage\",\"url\":\"https:\/\/www.dostrajamy.com\/wp-content\/uploads\/2026\/04\/6653202C-A221-45E4-A227-4442953FDAE2.png\",\"contentUrl\":\"https:\/\/www.dostrajamy.com\/wp-content\/uploads\/2026\/04\/6653202C-A221-45E4-A227-4442953FDAE2.png\",\"width\":1024,\"height\":1536},{\"@type\":\"BreadcrumbList\",\"@id\":\"https:\/\/www.dostrajamy.com\/produkt\/suknia-gejsza-decyzji\/#breadcrumb\",\"itemListElement\":[{\"@type\":\"ListItem\",\"position\":1,\"name\":\"Strona g\u0142\u00f3wna\",\"item\":\"https:\/\/www.dostrajamy.com\/\"},{\"@type\":\"ListItem\",\"position\":2,\"name\":\"Sklep\",\"item\":\"https:\/\/www.dostrajamy.com\/sklep\/\"},{\"@type\":\"ListItem\",\"position\":3,\"name\":\"Suknia \u201eGejsza Decyzji\u201d\"}]},{\"@type\":\"WebSite\",\"@id\":\"https:\/\/www.dostrajamy.com\/#website\",\"url\":\"https:\/\/www.dostrajamy.com\/\",\"name\":\"DomiSol - Dostrajamy\",\"description\":\"Dostr\u00f3j si\u0119 do siebie!\",\"publisher\":{\"@id\":\"https:\/\/www.dostrajamy.com\/#organization\"},\"potentialAction\":[{\"@type\":\"SearchAction\",\"target\":{\"@type\":\"EntryPoint\",\"urlTemplate\":\"https:\/\/www.dostrajamy.com\/?s={search_term_string}\"},\"query-input\":{\"@type\":\"PropertyValueSpecification\",\"valueRequired\":true,\"valueName\":\"search_term_string\"}}],\"inLanguage\":\"en-GB\"},{\"@type\":\"Organization\",\"@id\":\"https:\/\/www.dostrajamy.com\/#organization\",\"name\":\"DomiSol - Dostrajamy\",\"url\":\"https:\/\/www.dostrajamy.com\/\",\"logo\":{\"@type\":\"ImageObject\",\"inLanguage\":\"en-GB\",\"@id\":\"https:\/\/www.dostrajamy.com\/#\/schema\/logo\/image\/\",\"url\":\"https:\/\/www.dostrajamy.com\/wp-content\/uploads\/2025\/02\/cropped-Logo_poziom-1-scaled.png\",\"contentUrl\":\"https:\/\/www.dostrajamy.com\/wp-content\/uploads\/2025\/02\/cropped-Logo_poziom-1-scaled.png\",\"width\":2560,\"height\":453,\"caption\":\"DomiSol - Dostrajamy\"},\"image\":{\"@id\":\"https:\/\/www.dostrajamy.com\/#\/schema\/logo\/image\/\"},\"sameAs\":[\"https:\/\/www.facebook.com\/domisol.dostrajamy\",\"https:\/\/www.instagram.com\/domisol.dostrajamy\",\"https:\/\/www.youtube.com\/@dostrajamy\",\"https:\/\/open.spotify.com\/show\/5je85cYoaCcWGNo7Nwz2iW?si=1c15f6eb977f4f3d&nd=1&dlsi=d2ab15e5d6624979\"]}]}<\/script>\n<!-- \/ Yoast SEO plugin. -->","yoast_head_json":{"title":"Suknia \u201eGejsza Decyzji\u201d - DomiSol - Dostrajamy","robots":{"index":"index","follow":"follow","max-snippet":"max-snippet:-1","max-image-preview":"max-image-preview:large","max-video-preview":"max-video-preview:-1"},"canonical":"https:\/\/www.dostrajamy.com\/en\/product\/suknia-gejsza-decyzji\/","og_locale":"en_GB","og_type":"article","og_title":"Suknia \u201eGejsza Decyzji\u201d - DomiSol - Dostrajamy","og_description":"DZIKIE GEJSZE. Artystki \u017bycia. Suknia o wyra\u017anej, osadzonej energii. O momencie, w kt\u00f3rym wiesz. Mo\u017ce by\u0107 zwi\u0105zana blisko cia\u0142a lub bardziej swobodna, daje wyb\u00f3r i struktur\u0119 jednocze\u015bnie. Szeroki pas stabilizuje form\u0119 i podkre\u015bla tali\u0119. Sukienka kimono slow fashion, kt\u00f3ra wspiera Ci\u0119 w byciu w swojej decyzji.","og_url":"https:\/\/www.dostrajamy.com\/en\/product\/suknia-gejsza-decyzji\/","og_site_name":"DomiSol - Dostrajamy","article_publisher":"https:\/\/www.facebook.com\/domisol.dostrajamy","article_modified_time":"2026-04-07T08:21:20+00:00","og_image":[{"width":683,"height":1024,"url":"https:\/\/www.dostrajamy.com\/wp-content\/uploads\/2026\/04\/6653202C-A221-45E4-A227-4442953FDAE2-683x1024.png","type":"image\/png"}],"twitter_card":"summary_large_image","twitter_misc":{"Estimated reading time":"4 minutes"},"schema":{"@context":"https:\/\/schema.org","@graph":[{"@type":"WebPage","@id":"https:\/\/www.dostrajamy.com\/produkt\/suknia-gejsza-decyzji\/","url":"https:\/\/www.dostrajamy.com\/produkt\/suknia-gejsza-decyzji\/","name":"Suknia \u201eGejsza Decyzji\u201d - DomiSol - Dostrajamy","isPartOf":{"@id":"https:\/\/www.dostrajamy.com\/#website"},"primaryImageOfPage":{"@id":"https:\/\/www.dostrajamy.com\/produkt\/suknia-gejsza-decyzji\/#primaryimage"},"image":{"@id":"https:\/\/www.dostrajamy.com\/produkt\/suknia-gejsza-decyzji\/#primaryimage"},"thumbnailUrl":"https:\/\/www.dostrajamy.com\/wp-content\/uploads\/2026\/04\/6653202C-A221-45E4-A227-4442953FDAE2.png","datePublished":"2026-04-07T05:57:42+00:00","dateModified":"2026-04-07T08:21:20+00:00","breadcrumb":{"@id":"https:\/\/www.dostrajamy.com\/produkt\/suknia-gejsza-decyzji\/#breadcrumb"},"inLanguage":"en-GB","potentialAction":[{"@type":"ReadAction","target":["https:\/\/www.dostrajamy.com\/produkt\/suknia-gejsza-decyzji\/"]}]},{"@type":"ImageObject","inLanguage":"en-GB","@id":"https:\/\/www.dostrajamy.com\/produkt\/suknia-gejsza-decyzji\/#primaryimage","url":"https:\/\/www.dostrajamy.com\/wp-content\/uploads\/2026\/04\/6653202C-A221-45E4-A227-4442953FDAE2.png","contentUrl":"https:\/\/www.dostrajamy.com\/wp-content\/uploads\/2026\/04\/6653202C-A221-45E4-A227-4442953FDAE2.png","width":1024,"height":1536},{"@type":"BreadcrumbList","@id":"https:\/\/www.dostrajamy.com\/produkt\/suknia-gejsza-decyzji\/#breadcrumb","itemListElement":[{"@type":"ListItem","position":1,"name":"Strona g\u0142\u00f3wna","item":"https:\/\/www.dostrajamy.com\/"},{"@type":"ListItem","position":2,"name":"Sklep","item":"https:\/\/www.dostrajamy.com\/sklep\/"},{"@type":"ListItem","position":3,"name":"Suknia \u201eGejsza Decyzji\u201d"}]},{"@type":"WebSite","@id":"https:\/\/www.dostrajamy.com\/#website","url":"https:\/\/www.dostrajamy.com\/","name":"DomiSol - Dostrajamy","description":"Tune in to yourself!","publisher":{"@id":"https:\/\/www.dostrajamy.com\/#organization"},"potentialAction":[{"@type":"SearchAction","target":{"@type":"EntryPoint","urlTemplate":"https:\/\/www.dostrajamy.com\/?s={search_term_string}"},"query-input":{"@type":"PropertyValueSpecification","valueRequired":true,"valueName":"search_term_string"}}],"inLanguage":"en-GB"},{"@type":"Organization","@id":"https:\/\/www.dostrajamy.com\/#organization","name":"DomiSol - Dostrajamy","url":"https:\/\/www.dostrajamy.com\/","logo":{"@type":"ImageObject","inLanguage":"en-GB","@id":"https:\/\/www.dostrajamy.com\/#\/schema\/logo\/image\/","url":"https:\/\/www.dostrajamy.com\/wp-content\/uploads\/2025\/02\/cropped-Logo_poziom-1-scaled.png","contentUrl":"https:\/\/www.dostrajamy.com\/wp-content\/uploads\/2025\/02\/cropped-Logo_poziom-1-scaled.png","width":2560,"height":453,"caption":"DomiSol - Dostrajamy"},"image":{"@id":"https:\/\/www.dostrajamy.com\/#\/schema\/logo\/image\/"},"sameAs":["https:\/\/www.facebook.com\/domisol.dostrajamy","https:\/\/www.instagram.com\/domisol.dostrajamy","https:\/\/www.youtube.com\/@dostrajamy","https:\/\/open.spotify.com\/show\/5je85cYoaCcWGNo7Nwz2iW?si=1c15f6eb977f4f3d&nd=1&dlsi=d2ab15e5d6624979"]}]}},"_links":{"self":[{"href":"https:\/\/www.dostrajamy.com\/en\/wp-json\/wp\/v2\/product\/5898","targetHints":{"allow":["GET"]}}],"collection":[{"href":"https:\/\/www.dostrajamy.com\/en\/wp-json\/wp\/v2\/product"}],"about":[{"href":"https:\/\/www.dostrajamy.com\/en\/wp-json\/wp\/v2\/types\/product"}],"replies":[{"embeddable":true,"href":"https:\/\/www.dostrajamy.com\/en\/wp-json\/wp\/v2\/comments?post=5898"}],"wp:featuredmedia":[{"embeddable":true,"href":"https:\/\/www.dostrajamy.com\/en\/wp-json\/wp\/v2\/media\/5895"}],"wp:attachment":[{"href":"https:\/\/www.dostrajamy.com\/en\/wp-json\/wp\/v2\/media?parent=5898"}],"wp:term":[{"taxonomy":"product_brand","embeddable":true,"href":"https:\/\/www.dostrajamy.com\/en\/wp-json\/wp\/v2\/product_brand?post=5898"},{"taxonomy":"product_cat","embeddable":true,"href":"https:\/\/www.dostrajamy.com\/en\/wp-json\/wp\/v2\/product_cat?post=5898"},{"taxonomy":"product_tag","embeddable":true,"href":"https:\/\/www.dostrajamy.com\/en\/wp-json\/wp\/v2\/product_tag?post=5898"}],"curies":[{"name":"wp","href":"https:\/\/api.w.org\/{rel}","templated":true}]}}