{"id":5942,"date":"2026-04-12T10:38:38","date_gmt":"2026-04-12T10:38:38","guid":{"rendered":"https:\/\/www.dostrajamy.com\/?post_type=product&#038;p=5942"},"modified":"2026-04-12T15:01:50","modified_gmt":"2026-04-12T15:01:50","slug":"dostrojone-poranki-1-przeplyw","status":"publish","type":"product","link":"https:\/\/www.dostrajamy.com\/en\/product\/dostrojone-poranki-1-przeplyw\/","title":{"rendered":"Tuned Mornings #2 FLIGHT (25.04.2026, 10:00)"},"content":{"rendered":"<p><strong>Opis zaj\u0119\u0107: <\/strong><br \/>\n<strong>Przep\u0142yw &#8211; kundalini joga<\/strong><\/p>\n<p>Zapraszam Ci\u0119 na praktyk\u0119 kundalini jogi, w kt\u00f3rej ruch, oddech, medytacja i praca z energi\u0105 \u0142\u0105cz\u0105 si\u0119 w jeden przep\u0142yw. To przestrze\u0144, w kt\u00f3rej nie musisz nad\u0105\u017ca\u0107 ani robi\u0107 wszystkiego \u201eidealnie\u201d. Mo\u017cesz wej\u015b\u0107 w praktyk\u0119 na swoich zasadach, w swoim tempie, ze swoim cia\u0142em i tym, co jest w Tobie na ten moment.<\/p>\n<p>Podczas zaj\u0119\u0107 korzystamy z narz\u0119dzi kundalini: oddechu, ruchu, mantr i medytacji, \u017ceby wr\u00f3ci\u0107 do kontaktu ze sob\u0105, poczu\u0107 wi\u0119cej i zobaczy\u0107 wyra\u017aniej, w jakim miejscu jeste\u015b i czego naprawd\u0119 potrzebujesz.<\/p>\n<p>To praktyka, kt\u00f3ra pozwala z\u0142apa\u0107 sw\u00f3j w\u0142asny rytm i wej\u015b\u0107 w przep\u0142yw, kt\u00f3ry jest naprawd\u0119 Tw\u00f3j.<br \/>\nI kt\u00f3ra zostaje z Tob\u0105 poza mat\u0105 &#8211; w decyzjach, relacjach i codziennym \u017cyciu.<\/p>\n<p><strong>O prowadz\u0105cej:<\/strong><\/p>\n<p>Paulina Jeronim &#8211; Na co dzie\u0144 pracuje z lud\u017ami poprzez kundalini, intuicj\u0119 i prac\u0119 z energi\u0105, tworz\u0105c przestrzenie, w kt\u00f3rych mo\u017cna wyra\u017aniej us\u0142ysze\u0107 g\u0142os swojej duszy i nauczy\u0107 si\u0119 go wyra\u017ca\u0107.<\/p>\n<p data-start=\"288\" data-end=\"502\">Uczy\u0142a si\u0119 w r\u00f3\u017cnych miejscach na \u015bwiecie, m.in. na Sri Lance, kt\u00f3ra sta\u0142a si\u0119 dla niej drugim domem. Bliska jest jej praktyka, kt\u00f3ra \u0142\u0105czy cia\u0142o, energi\u0119 i \u017cycie &#8211; nie tylko na macie, ale r\u00f3wnie\u017c w codzienno\u015bci.<\/p>\n<p data-start=\"504\" data-end=\"637\">Jest mam\u0105 dziewczynki, kt\u00f3ra ka\u017cdego dnia przypomina jej, czym jest obecno\u015b\u0107 i jak patrze\u0107 na \u015bwiat \u015bwie\u017co, bez utartych schemat\u00f3w.<\/p>\n<p data-start=\"639\" data-end=\"848\">Kocha taniec, sztuk\u0119 i rozmowy o \u017cyciu &#8211; takie, kt\u00f3re potrafi\u0105 p\u00f3j\u015b\u0107 w ka\u017cd\u0105 stron\u0119.<br data-start=\"723\" data-end=\"726\" \/>A najbardziej ceni poczucie humoru, kt\u00f3re pozwala jej zachowa\u0107 dystans i budowa\u0107 prawdziwy kontakt z drugim cz\u0142owiekiem.<\/p>\n<p><strong>Je\u015bli czujesz, \u017ce chcesz tam by\u0107, do\u0142\u0105cz do nas, liczba miejsc jest ograniczona.<\/strong>\u2728<\/p>\n<div class=\"xdj266r x14z9mp xat24cr x1lziwak x1vvkbs\">____________<\/div>\n<div class=\"xdj266r x14z9mp xat24cr x1lziwak x1vvkbs\">You are invited to a series of intimate gatherings for women in which we return to the body - to its lightness, freedom and natural expression - through movement, laughter, breath and mindfulness.<span class=\"html-span xexx8yu xyri2b x18d9i69 x1c1uobl x1hl2dhg x16tdsg8 x1vvkbs x3nfvp2 x1j61x8r x1fcty0u xdj266r xat24cr xm2jcoa x1mpyi22 xxymvpz xlup9mm x1kky2od\"><img decoding=\"async\" class=\"xz74otr x15mokao x1ga7v0g x16uus16 xbiv7yw\" src=\"https:\/\/static.xx.fbcdn.net\/images\/emoji.php\/v9\/t75\/2\/16\/2728.png\" alt=\"\u2728\" width=\"16\" height=\"16\" \/><\/span><\/div>\n<div><\/div>\n<div class=\"x14z9mp xat24cr x1lziwak x1vvkbs xtlvy1s\">____________<br class=\"html-br\" \/><span class=\"html-span xexx8yu xyri2b x18d9i69 x1c1uobl x1hl2dhg x16tdsg8 x1vvkbs x3nfvp2 x1j61x8r x1fcty0u xdj266r xat24cr xm2jcoa x1mpyi22 xxymvpz xlup9mm x1kky2od\"><img decoding=\"async\" class=\"xz74otr x15mokao x1ga7v0g x16uus16 xbiv7yw\" src=\"https:\/\/static.xx.fbcdn.net\/images\/emoji.php\/v9\/tbd\/2\/16\/1f33f.png\" alt=\"\ud83c\udf3f\" width=\"16\" height=\"16\" \/><\/span> We meet twice a month to:<br class=\"html-br\" \/>- stall<br class=\"html-br\" \/>- feel yourself more deeply<br class=\"html-br\" \/>- move the body differently from everyday life<br class=\"html-br\" \/>- discover new qualities of feminine energy<\/div>\n<div><\/div>\n<div class=\"x14z9mp xat24cr x1lziwak x1vvkbs xtlvy1s\">____________<br class=\"html-br\" \/>Each meeting is a different form of body work<br class=\"html-br\" \/>and another presenter.<\/div>\n<div class=\"x14z9mp xat24cr x1lziwak x1vvkbs xtlvy1s\">We move through different qualities of movement: from subtle to more dynamic.<\/div>\n<div><\/div>\n<div class=\"x14z9mp xat24cr x1lziwak x1vvkbs xtlvy1s\">____________<br class=\"html-br\" \/><span class=\"html-span xexx8yu xyri2b x18d9i69 x1c1uobl x1hl2dhg x16tdsg8 x1vvkbs x3nfvp2 x1j61x8r x1fcty0u xdj266r xat24cr xm2jcoa x1mpyi22 xxymvpz xlup9mm x1kky2od\"><img decoding=\"async\" class=\"xz74otr x15mokao x1ga7v0g x16uus16 xbiv7yw\" src=\"https:\/\/static.xx.fbcdn.net\/images\/emoji.php\/v9\/t75\/2\/16\/2728.png\" alt=\"\u2728\" width=\"16\" height=\"16\" \/><\/span> In the programme:<\/div>\n<div class=\"x14z9mp xat24cr x1lziwak x1vvkbs xtlvy1s\">- CENTRE - tai chi &amp; qigong<br class=\"html-br\" \/>- FLOW - kundalini yoga<br class=\"html-br\" \/>- FUNDAMENT - pelvic floor muscle work<br class=\"html-br\" \/>- LESSON - laughter yoga<br class=\"html-br\" \/>- ROOTS - Slavic gymnastics<br class=\"html-br\" \/>- FEELING - self-massage and reflexology<br class=\"html-br\" \/>- EXPRESSION - flamenco (with fans)<br class=\"html-br\" \/>- SENSUALITY - tango solo<\/div>\n<div class=\"x14z9mp xat24cr x1lziwak x1vvkbs xtlvy1s\">...and this is just the beginning <span class=\"html-span xexx8yu xyri2b x18d9i69 x1c1uobl x1hl2dhg x16tdsg8 x1vvkbs x3nfvp2 x1j61x8r x1fcty0u xdj266r xat24cr xm2jcoa x1mpyi22 xxymvpz xlup9mm x1kky2od\"><img decoding=\"async\" class=\"xz74otr x15mokao x1ga7v0g x16uus16 xbiv7yw\" src=\"https:\/\/static.xx.fbcdn.net\/images\/emoji.php\/v9\/t75\/2\/16\/2728.png\" alt=\"\u2728\" width=\"16\" height=\"16\" \/><\/span><\/div>\n<div class=\"x14z9mp xat24cr x1lziwak x1vvkbs xtlvy1s\"><\/div>\n<div class=\"x14z9mp xat24cr x1lziwak x1vvkbs xtlvy1s\">Each of these forms opens up a different aspect of female expression.<\/div>\n<div><\/div>\n<div class=\"x14z9mp xat24cr x1lziwak x1vvkbs xtlvy1s\">____________<br class=\"html-br\" \/><span class=\"html-span xexx8yu xyri2b x18d9i69 x1c1uobl x1hl2dhg x16tdsg8 x1vvkbs x3nfvp2 x1j61x8r x1fcty0u xdj266r xat24cr xm2jcoa x1mpyi22 xxymvpz xlup9mm x1kky2od\"><img decoding=\"async\" class=\"xz74otr x15mokao x1ga7v0g x16uus16 xbiv7yw\" src=\"https:\/\/static.xx.fbcdn.net\/images\/emoji.php\/v9\/tcc\/2\/16\/1f4cd.png\" alt=\"\ud83d\udccd\" width=\"16\" height=\"16\" \/><\/span> We meet in the intimate, beautiful space of LiveDeep Studio in the centre of Warsaw.<\/div>\n<div class=\"x14z9mp xat24cr x1lziwak x1vvkbs xtlvy1s\">After the movement part, we still stay together for a quiet closing of the meeting and conversation. <span class=\"html-span xexx8yu xyri2b x18d9i69 x1c1uobl x1hl2dhg x16tdsg8 x1vvkbs x3nfvp2 x1j61x8r x1fcty0u xdj266r xat24cr xm2jcoa x1mpyi22 xxymvpz xlup9mm x1kky2od\"><img loading=\"lazy\" decoding=\"async\" class=\"xz74otr x15mokao x1ga7v0g x16uus16 xbiv7yw\" src=\"https:\/\/static.xx.fbcdn.net\/images\/emoji.php\/v9\/tb4\/2\/16\/1f49b.png\" alt=\"\ud83d\udc9b\" width=\"16\" height=\"16\" \/><\/span><\/div>\n<div><\/div>\n<div class=\"x14z9mp xat24cr x1lziwak x1vvkbs xtlvy1s\">____________<br class=\"html-br\" \/><span class=\"html-span xexx8yu xyri2b x18d9i69 x1c1uobl x1hl2dhg x16tdsg8 x1vvkbs x3nfvp2 x1j61x8r x1fcty0u xdj266r xat24cr xm2jcoa x1mpyi22 xxymvpz xlup9mm x1kky2od\"><img decoding=\"async\" class=\"xz74otr x15mokao x1ga7v0g x16uus16 xbiv7yw\" src=\"https:\/\/static.xx.fbcdn.net\/images\/emoji.php\/v9\/t75\/2\/16\/2728.png\" alt=\"\u2728\" width=\"16\" height=\"16\" \/><\/span> During the meetings, we also create space for beauty and pleasure.<br class=\"html-br\" \/>Hot and cold drinks will be available on site, and some meetings will feature more... <span class=\"html-span xexx8yu xyri2b x18d9i69 x1c1uobl x1hl2dhg x16tdsg8 x1vvkbs x3nfvp2 x1j61x8r x1fcty0u xdj266r xat24cr xm2jcoa x1mpyi22 xxymvpz xlup9mm x1kky2od\"><img decoding=\"async\" class=\"xz74otr x15mokao x1ga7v0g x16uus16 xbiv7yw\" src=\"https:\/\/static.xx.fbcdn.net\/images\/emoji.php\/v9\/t75\/2\/16\/2728.png\" alt=\"\u2728\" width=\"16\" height=\"16\" \/><\/span><span class=\"html-span xexx8yu xyri2b x18d9i69 x1c1uobl x1hl2dhg x16tdsg8 x1vvkbs x3nfvp2 x1j61x8r x1fcty0u xdj266r xat24cr xm2jcoa x1mpyi22 xxymvpz xlup9mm x1kky2od\"><img loading=\"lazy\" decoding=\"async\" class=\"xz74otr x15mokao x1ga7v0g x16uus16 xbiv7yw\" src=\"https:\/\/static.xx.fbcdn.net\/images\/emoji.php\/v9\/t23\/2\/16\/1f381.png\" alt=\"\ud83c\udf81\" width=\"16\" height=\"16\" \/><\/span><\/div>\n<div><\/div>\n<div class=\"x14z9mp xat24cr x1lziwak x1vvkbs xtlvy1s\">____________<br class=\"html-br\" \/><span class=\"html-span xexx8yu xyri2b x18d9i69 x1c1uobl x1hl2dhg x16tdsg8 x1vvkbs x3nfvp2 x1j61x8r x1fcty0u xdj266r xat24cr xm2jcoa x1mpyi22 xxymvpz xlup9mm x1kky2od\"><img decoding=\"async\" class=\"xz74otr x15mokao x1ga7v0g x16uus16 xbiv7yw\" src=\"https:\/\/static.xx.fbcdn.net\/images\/emoji.php\/v9\/tbd\/2\/16\/1f33f.png\" alt=\"\ud83c\udf3f\" width=\"16\" height=\"16\" \/><\/span> How to prepare:<\/div>\n<div class=\"x14z9mp xat24cr x1lziwak x1vvkbs xtlvy1s\">Wear something comfortable that doesn't put pressure on your body.<br class=\"html-br\" \/>Preferably natural fabrics in which you can breathe and move freely.<\/div>\n<div class=\"x14z9mp xat24cr x1lziwak x1vvkbs xtlvy1s\">If you want, you can experience the movement in a dress from DomiSol.<span class=\"html-span xexx8yu xyri2b x18d9i69 x1c1uobl x1hl2dhg x16tdsg8 x1vvkbs x3nfvp2 x1j61x8r x1fcty0u xdj266r xat24cr xm2jcoa x1mpyi22 xxymvpz xlup9mm x1kky2od\"><img decoding=\"async\" class=\"xz74otr x15mokao x1ga7v0g x16uus16 xbiv7yw\" src=\"https:\/\/static.xx.fbcdn.net\/images\/emoji.php\/v9\/t75\/2\/16\/2728.png\" alt=\"\u2728\" width=\"16\" height=\"16\" \/><\/span> A limited number of gowns will be available on site (it's best to let us know when you sign up if you want to take advantage of this option).<\/div>\n<div><\/div>\n<div class=\"x14z9mp xat24cr x1lziwak x1vvkbs xtlvy1s\">____________<br class=\"html-br\" \/><span class=\"html-span xexx8yu xyri2b x18d9i69 x1c1uobl x1hl2dhg x16tdsg8 x1vvkbs x3nfvp2 x1j61x8r x1fcty0u xdj266r xat24cr xm2jcoa x1mpyi22 xxymvpz xlup9mm x1kky2od\"><img loading=\"lazy\" decoding=\"async\" class=\"xz74otr x15mokao x1ga7v0g x16uus16 xbiv7yw\" src=\"https:\/\/static.xx.fbcdn.net\/images\/emoji.php\/v9\/tb4\/2\/16\/1f49b.png\" alt=\"\ud83d\udc9b\" width=\"16\" height=\"16\" \/><\/span> Udzia\u0142 w spotkaniu: 80 z\u0142.<br class=\"html-br\" \/>Intimate group - places are limited.<\/div>\n<div class=\"x14z9mp xat24cr x1lziwak x1vvkbs xtlvy1s\"><\/div>\n<div class=\"x14z9mp xat24cr x1lziwak x1vvkbs xtlvy1s\">____________<br class=\"html-br\" \/><span class=\"html-span xexx8yu xyri2b x18d9i69 x1c1uobl x1hl2dhg x16tdsg8 x1vvkbs x3nfvp2 x1j61x8r x1fcty0u xdj266r xat24cr xm2jcoa x1mpyi22 xxymvpz xlup9mm x1kky2od\"><img loading=\"lazy\" decoding=\"async\" class=\"xz74otr x15mokao x1ga7v0g x16uus16 xbiv7yw\" src=\"https:\/\/static.xx.fbcdn.net\/images\/emoji.php\/v9\/t36\/2\/16\/23f1.png\" alt=\"\u23f1\ufe0f\" width=\"16\" height=\"16\" \/><\/span> Meeting time: 10:00 - 12:00<\/div>\n<div class=\"x14z9mp xat24cr x1lziwak x1vvkbs xtlvy1s\"><span class=\"html-span xexx8yu xyri2b x18d9i69 x1c1uobl x1hl2dhg x16tdsg8 x1vvkbs x3nfvp2 x1j61x8r x1fcty0u xdj266r xat24cr xm2jcoa x1mpyi22 xxymvpz xlup9mm x1kky2od\"><img decoding=\"async\" class=\"xz74otr x15mokao x1ga7v0g x16uus16 xbiv7yw\" src=\"https:\/\/static.xx.fbcdn.net\/images\/emoji.php\/v9\/tcc\/2\/16\/1f4cd.png\" alt=\"\ud83d\udccd\" width=\"16\" height=\"16\" \/><\/span> Place: LivDeep Studio, Mokotowska 43, Warsaw (during the summer season also open air <span class=\"html-span xexx8yu xyri2b x18d9i69 x1c1uobl x1hl2dhg x16tdsg8 x1vvkbs x3nfvp2 x1j61x8r x1fcty0u xdj266r xat24cr xm2jcoa x1mpyi22 xxymvpz xlup9mm x1kky2od\"><img decoding=\"async\" class=\"xz74otr x15mokao x1ga7v0g x16uus16 xbiv7yw\" src=\"https:\/\/static.xx.fbcdn.net\/images\/emoji.php\/v9\/tbd\/2\/16\/1f33f.png\" alt=\"\ud83c\udf3f\" width=\"16\" height=\"16\" \/><\/span>)<\/div>","protected":false},"excerpt":{"rendered":"<p data-start=\"1133\" data-end=\"1167\">To spotkanie poprowadzi Paulina Jeronim \u2728<\/p>\n<p data-start=\"1169\" data-end=\"1292\">Poprzez kundalini jog\u0119 &#8211; ruch, oddech i medytacj\u0119 &#8211; wejdziemy w g\u0142\u0119bszy kontakt ze sob\u0105 i odnajdziemy sw\u00f3j w\u0142asny rytm. W przep\u0142yw, kt\u00f3ry jest naprawd\u0119 Tw\u00f3j.<\/p>\n<p>Je\u015bli czujesz, \u017ce to Tw\u00f3j moment na powr\u00f3t &#8211; zarezerwuj swoje miejsce.\u2728<\/p>","protected":false},"featured_media":5947,"comment_status":"open","ping_status":"closed","template":"","meta":{"_eb_attr":""},"product_brand":[],"product_cat":[123],"product_tag":[68,83,59,61,62,67],"class_list":{"0":"post-5942","1":"product","2":"type-product","3":"status-publish","4":"has-post-thumbnail","6":"product_cat-wydarzenia","7":"product_tag-bizuteria","8":"product_tag-kobieta","9":"product_tag-moda","10":"product_tag-piekno","11":"product_tag-suknia","12":"product_tag-szata","14":"first","15":"instock","16":"virtual","17":"purchasable","18":"product-type-simple"},"yoast_head":"<!-- This site is optimized with the Yoast SEO plugin v26.6 - https:\/\/yoast.com\/wordpress\/plugins\/seo\/ -->\n<title>Dostrojone Poranki #2 PRZEP\u0141YW (25.04.2026, godz.10:00) - DomiSol - Dostrajamy<\/title>\n<meta name=\"robots\" content=\"index, follow, max-snippet:-1, max-image-preview:large, max-video-preview:-1\" \/>\n<link rel=\"canonical\" href=\"https:\/\/www.dostrajamy.com\/en\/product\/dostrojone-poranki-1-przeplyw\/\" \/>\n<meta property=\"og:locale\" content=\"en_GB\" \/>\n<meta property=\"og:type\" content=\"article\" \/>\n<meta property=\"og:title\" content=\"Dostrojone Poranki #2 PRZEP\u0141YW (25.04.2026, godz.10:00) - DomiSol - Dostrajamy\" \/>\n<meta property=\"og:description\" content=\"To spotkanie poprowadzi Paulina Jeronim \u2728 Poprzez kundalini jog\u0119 - ruch, oddech i medytacj\u0119 - wejdziemy w g\u0142\u0119bszy kontakt ze sob\u0105 i odnajdziemy sw\u00f3j w\u0142asny rytm. W przep\u0142yw, kt\u00f3ry jest naprawd\u0119 Tw\u00f3j. Je\u015bli czujesz, \u017ce to Tw\u00f3j moment na powr\u00f3t - zarezerwuj swoje miejsce.\u2728\" \/>\n<meta property=\"og:url\" content=\"https:\/\/www.dostrajamy.com\/en\/product\/dostrojone-poranki-1-przeplyw\/\" \/>\n<meta property=\"og:site_name\" content=\"DomiSol - Dostrajamy\" \/>\n<meta property=\"article:publisher\" content=\"https:\/\/www.facebook.com\/domisol.dostrajamy\" \/>\n<meta property=\"article:modified_time\" content=\"2026-04-12T15:01:50+00:00\" \/>\n<meta property=\"og:image\" content=\"https:\/\/www.dostrajamy.com\/wp-content\/uploads\/2026\/04\/6.png\" \/>\n\t<meta property=\"og:image:width\" content=\"1080\" \/>\n\t<meta property=\"og:image:height\" content=\"1350\" \/>\n\t<meta property=\"og:image:type\" content=\"image\/png\" \/>\n<meta name=\"twitter:card\" content=\"summary_large_image\" \/>\n<meta name=\"twitter:label1\" content=\"Estimated reading time\" \/>\n\t<meta name=\"twitter:data1\" content=\"7 minutes\" \/>\n<script type=\"application\/ld+json\" class=\"yoast-schema-graph\">{\"@context\":\"https:\/\/schema.org\",\"@graph\":[{\"@type\":\"WebPage\",\"@id\":\"https:\/\/www.dostrajamy.com\/produkt\/dostrojone-poranki-1-przeplyw\/\",\"url\":\"https:\/\/www.dostrajamy.com\/produkt\/dostrojone-poranki-1-przeplyw\/\",\"name\":\"Dostrojone Poranki #2 PRZEP\u0141YW (25.04.2026, godz.10:00) - DomiSol - Dostrajamy\",\"isPartOf\":{\"@id\":\"https:\/\/www.dostrajamy.com\/#website\"},\"primaryImageOfPage\":{\"@id\":\"https:\/\/www.dostrajamy.com\/produkt\/dostrojone-poranki-1-przeplyw\/#primaryimage\"},\"image\":{\"@id\":\"https:\/\/www.dostrajamy.com\/produkt\/dostrojone-poranki-1-przeplyw\/#primaryimage\"},\"thumbnailUrl\":\"https:\/\/www.dostrajamy.com\/wp-content\/uploads\/2026\/04\/6.png\",\"datePublished\":\"2026-04-12T10:38:38+00:00\",\"dateModified\":\"2026-04-12T15:01:50+00:00\",\"breadcrumb\":{\"@id\":\"https:\/\/www.dostrajamy.com\/produkt\/dostrojone-poranki-1-przeplyw\/#breadcrumb\"},\"inLanguage\":\"en-GB\",\"potentialAction\":[{\"@type\":\"ReadAction\",\"target\":[\"https:\/\/www.dostrajamy.com\/produkt\/dostrojone-poranki-1-przeplyw\/\"]}]},{\"@type\":\"ImageObject\",\"inLanguage\":\"en-GB\",\"@id\":\"https:\/\/www.dostrajamy.com\/produkt\/dostrojone-poranki-1-przeplyw\/#primaryimage\",\"url\":\"https:\/\/www.dostrajamy.com\/wp-content\/uploads\/2026\/04\/6.png\",\"contentUrl\":\"https:\/\/www.dostrajamy.com\/wp-content\/uploads\/2026\/04\/6.png\",\"width\":1080,\"height\":1350},{\"@type\":\"BreadcrumbList\",\"@id\":\"https:\/\/www.dostrajamy.com\/produkt\/dostrojone-poranki-1-przeplyw\/#breadcrumb\",\"itemListElement\":[{\"@type\":\"ListItem\",\"position\":1,\"name\":\"Strona g\u0142\u00f3wna\",\"item\":\"https:\/\/www.dostrajamy.com\/\"},{\"@type\":\"ListItem\",\"position\":2,\"name\":\"Sklep\",\"item\":\"https:\/\/www.dostrajamy.com\/sklep\/\"},{\"@type\":\"ListItem\",\"position\":3,\"name\":\"Dostrojone Poranki #2 PRZEP\u0141YW (25.04.2026, godz.10:00)\"}]},{\"@type\":\"WebSite\",\"@id\":\"https:\/\/www.dostrajamy.com\/#website\",\"url\":\"https:\/\/www.dostrajamy.com\/\",\"name\":\"DomiSol - Dostrajamy\",\"description\":\"Dostr\u00f3j si\u0119 do siebie!\",\"publisher\":{\"@id\":\"https:\/\/www.dostrajamy.com\/#organization\"},\"potentialAction\":[{\"@type\":\"SearchAction\",\"target\":{\"@type\":\"EntryPoint\",\"urlTemplate\":\"https:\/\/www.dostrajamy.com\/?s={search_term_string}\"},\"query-input\":{\"@type\":\"PropertyValueSpecification\",\"valueRequired\":true,\"valueName\":\"search_term_string\"}}],\"inLanguage\":\"en-GB\"},{\"@type\":\"Organization\",\"@id\":\"https:\/\/www.dostrajamy.com\/#organization\",\"name\":\"DomiSol - Dostrajamy\",\"url\":\"https:\/\/www.dostrajamy.com\/\",\"logo\":{\"@type\":\"ImageObject\",\"inLanguage\":\"en-GB\",\"@id\":\"https:\/\/www.dostrajamy.com\/#\/schema\/logo\/image\/\",\"url\":\"https:\/\/www.dostrajamy.com\/wp-content\/uploads\/2025\/02\/cropped-Logo_poziom-1-scaled.png\",\"contentUrl\":\"https:\/\/www.dostrajamy.com\/wp-content\/uploads\/2025\/02\/cropped-Logo_poziom-1-scaled.png\",\"width\":2560,\"height\":453,\"caption\":\"DomiSol - Dostrajamy\"},\"image\":{\"@id\":\"https:\/\/www.dostrajamy.com\/#\/schema\/logo\/image\/\"},\"sameAs\":[\"https:\/\/www.facebook.com\/domisol.dostrajamy\",\"https:\/\/www.instagram.com\/domisol.dostrajamy\",\"https:\/\/www.youtube.com\/@dostrajamy\",\"https:\/\/open.spotify.com\/show\/5je85cYoaCcWGNo7Nwz2iW?si=1c15f6eb977f4f3d&nd=1&dlsi=d2ab15e5d6624979\"]}]}<\/script>\n<!-- \/ Yoast SEO plugin. -->","yoast_head_json":{"title":"Dostrojone Poranki #2 PRZEP\u0141YW (25.04.2026, godz.10:00) - DomiSol - Dostrajamy","robots":{"index":"index","follow":"follow","max-snippet":"max-snippet:-1","max-image-preview":"max-image-preview:large","max-video-preview":"max-video-preview:-1"},"canonical":"https:\/\/www.dostrajamy.com\/en\/product\/dostrojone-poranki-1-przeplyw\/","og_locale":"en_GB","og_type":"article","og_title":"Dostrojone Poranki #2 PRZEP\u0141YW (25.04.2026, godz.10:00) - DomiSol - Dostrajamy","og_description":"To spotkanie poprowadzi Paulina Jeronim \u2728 Poprzez kundalini jog\u0119 - ruch, oddech i medytacj\u0119 - wejdziemy w g\u0142\u0119bszy kontakt ze sob\u0105 i odnajdziemy sw\u00f3j w\u0142asny rytm. W przep\u0142yw, kt\u00f3ry jest naprawd\u0119 Tw\u00f3j. Je\u015bli czujesz, \u017ce to Tw\u00f3j moment na powr\u00f3t - zarezerwuj swoje miejsce.\u2728","og_url":"https:\/\/www.dostrajamy.com\/en\/product\/dostrojone-poranki-1-przeplyw\/","og_site_name":"DomiSol - Dostrajamy","article_publisher":"https:\/\/www.facebook.com\/domisol.dostrajamy","article_modified_time":"2026-04-12T15:01:50+00:00","og_image":[{"width":1080,"height":1350,"url":"https:\/\/www.dostrajamy.com\/wp-content\/uploads\/2026\/04\/6.png","type":"image\/png"}],"twitter_card":"summary_large_image","twitter_misc":{"Estimated reading time":"7 minutes"},"schema":{"@context":"https:\/\/schema.org","@graph":[{"@type":"WebPage","@id":"https:\/\/www.dostrajamy.com\/produkt\/dostrojone-poranki-1-przeplyw\/","url":"https:\/\/www.dostrajamy.com\/produkt\/dostrojone-poranki-1-przeplyw\/","name":"Dostrojone Poranki #2 PRZEP\u0141YW (25.04.2026, godz.10:00) - DomiSol - Dostrajamy","isPartOf":{"@id":"https:\/\/www.dostrajamy.com\/#website"},"primaryImageOfPage":{"@id":"https:\/\/www.dostrajamy.com\/produkt\/dostrojone-poranki-1-przeplyw\/#primaryimage"},"image":{"@id":"https:\/\/www.dostrajamy.com\/produkt\/dostrojone-poranki-1-przeplyw\/#primaryimage"},"thumbnailUrl":"https:\/\/www.dostrajamy.com\/wp-content\/uploads\/2026\/04\/6.png","datePublished":"2026-04-12T10:38:38+00:00","dateModified":"2026-04-12T15:01:50+00:00","breadcrumb":{"@id":"https:\/\/www.dostrajamy.com\/produkt\/dostrojone-poranki-1-przeplyw\/#breadcrumb"},"inLanguage":"en-GB","potentialAction":[{"@type":"ReadAction","target":["https:\/\/www.dostrajamy.com\/produkt\/dostrojone-poranki-1-przeplyw\/"]}]},{"@type":"ImageObject","inLanguage":"en-GB","@id":"https:\/\/www.dostrajamy.com\/produkt\/dostrojone-poranki-1-przeplyw\/#primaryimage","url":"https:\/\/www.dostrajamy.com\/wp-content\/uploads\/2026\/04\/6.png","contentUrl":"https:\/\/www.dostrajamy.com\/wp-content\/uploads\/2026\/04\/6.png","width":1080,"height":1350},{"@type":"BreadcrumbList","@id":"https:\/\/www.dostrajamy.com\/produkt\/dostrojone-poranki-1-przeplyw\/#breadcrumb","itemListElement":[{"@type":"ListItem","position":1,"name":"Strona g\u0142\u00f3wna","item":"https:\/\/www.dostrajamy.com\/"},{"@type":"ListItem","position":2,"name":"Sklep","item":"https:\/\/www.dostrajamy.com\/sklep\/"},{"@type":"ListItem","position":3,"name":"Dostrojone Poranki #2 PRZEP\u0141YW (25.04.2026, godz.10:00)"}]},{"@type":"WebSite","@id":"https:\/\/www.dostrajamy.com\/#website","url":"https:\/\/www.dostrajamy.com\/","name":"DomiSol - Dostrajamy","description":"Tune in to yourself!","publisher":{"@id":"https:\/\/www.dostrajamy.com\/#organization"},"potentialAction":[{"@type":"SearchAction","target":{"@type":"EntryPoint","urlTemplate":"https:\/\/www.dostrajamy.com\/?s={search_term_string}"},"query-input":{"@type":"PropertyValueSpecification","valueRequired":true,"valueName":"search_term_string"}}],"inLanguage":"en-GB"},{"@type":"Organization","@id":"https:\/\/www.dostrajamy.com\/#organization","name":"DomiSol - Dostrajamy","url":"https:\/\/www.dostrajamy.com\/","logo":{"@type":"ImageObject","inLanguage":"en-GB","@id":"https:\/\/www.dostrajamy.com\/#\/schema\/logo\/image\/","url":"https:\/\/www.dostrajamy.com\/wp-content\/uploads\/2025\/02\/cropped-Logo_poziom-1-scaled.png","contentUrl":"https:\/\/www.dostrajamy.com\/wp-content\/uploads\/2025\/02\/cropped-Logo_poziom-1-scaled.png","width":2560,"height":453,"caption":"DomiSol - Dostrajamy"},"image":{"@id":"https:\/\/www.dostrajamy.com\/#\/schema\/logo\/image\/"},"sameAs":["https:\/\/www.facebook.com\/domisol.dostrajamy","https:\/\/www.instagram.com\/domisol.dostrajamy","https:\/\/www.youtube.com\/@dostrajamy","https:\/\/open.spotify.com\/show\/5je85cYoaCcWGNo7Nwz2iW?si=1c15f6eb977f4f3d&nd=1&dlsi=d2ab15e5d6624979"]}]}},"_links":{"self":[{"href":"https:\/\/www.dostrajamy.com\/en\/wp-json\/wp\/v2\/product\/5942","targetHints":{"allow":["GET"]}}],"collection":[{"href":"https:\/\/www.dostrajamy.com\/en\/wp-json\/wp\/v2\/product"}],"about":[{"href":"https:\/\/www.dostrajamy.com\/en\/wp-json\/wp\/v2\/types\/product"}],"replies":[{"embeddable":true,"href":"https:\/\/www.dostrajamy.com\/en\/wp-json\/wp\/v2\/comments?post=5942"}],"wp:featuredmedia":[{"embeddable":true,"href":"https:\/\/www.dostrajamy.com\/en\/wp-json\/wp\/v2\/media\/5947"}],"wp:attachment":[{"href":"https:\/\/www.dostrajamy.com\/en\/wp-json\/wp\/v2\/media?parent=5942"}],"wp:term":[{"taxonomy":"product_brand","embeddable":true,"href":"https:\/\/www.dostrajamy.com\/en\/wp-json\/wp\/v2\/product_brand?post=5942"},{"taxonomy":"product_cat","embeddable":true,"href":"https:\/\/www.dostrajamy.com\/en\/wp-json\/wp\/v2\/product_cat?post=5942"},{"taxonomy":"product_tag","embeddable":true,"href":"https:\/\/www.dostrajamy.com\/en\/wp-json\/wp\/v2\/product_tag?post=5942"}],"curies":[{"name":"wp","href":"https:\/\/api.w.org\/{rel}","templated":true}]}}